{"id":679,"date":"2026-03-01T12:21:11","date_gmt":"2026-03-01T12:21:11","guid":{"rendered":"https:\/\/artaora.com\/product\/pendientes-industriales-grises-arbol-de-la-vida\/"},"modified":"2026-03-01T13:53:06","modified_gmt":"2026-03-01T13:53:06","slug":"pendientes-industriales-grises-arbol-de-la-vida","status":"publish","type":"product","link":"https:\/\/artaora.com\/es\/producto\/pendientes-industriales-grises-arbol-de-la-vida\/","title":{"rendered":"Pendientes Industriales Grises \u00c1rbol de la Vida"},"content":{"rendered":"<p>Una base pintada en gris mantiene la paleta neutra mientras el \u00e1rbol de la vida y los componentes de reloj aportan estructura. Los cierres leverback llevan la ca\u00edda total a aproximadamente 25mm, sumando estabilidad sin volumen visual. Una pieza steampunk artesanal sobria pensada para uso diario.<\/p>\n","protected":false},"excerpt":{"rendered":"<p>Una base pintada en gris mantiene la paleta neutra mientras el \u00e1rbol de la vida y los componentes de reloj aportan estructura. Los cierres leverback llevan la ca\u00edda total a aproximadamente 25mm, sumando estabilidad sin volumen visual. Una pieza steampunk artesanal sobria pensada para uso diario.<\/p>\n","protected":false},"featured_media":677,"comment_status":"open","ping_status":"closed","template":"","meta":[],"product_brand":[],"product_cat":[255],"product_tag":[],"class_list":{"0":"post-679","1":"product","2":"type-product","3":"status-publish","4":"has-post-thumbnail","6":"product_cat-pendientes","7":"pa_charm-arbol-de-la-vida","8":"pa_charm-naturaleza","9":"pa_size-14mm","11":"first","12":"instock","13":"taxable","14":"shipping-taxable","15":"purchasable","16":"product-type-simple"},"_links":{"self":[{"href":"https:\/\/artaora.com\/es\/wp-json\/wp\/v2\/product\/679","targetHints":{"allow":["GET"]}}],"collection":[{"href":"https:\/\/artaora.com\/es\/wp-json\/wp\/v2\/product"}],"about":[{"href":"https:\/\/artaora.com\/es\/wp-json\/wp\/v2\/types\/product"}],"replies":[{"embeddable":true,"href":"https:\/\/artaora.com\/es\/wp-json\/wp\/v2\/comments?post=679"}],"wp:featuredmedia":[{"embeddable":true,"href":"https:\/\/artaora.com\/es\/wp-json\/wp\/v2\/media\/677"}],"wp:attachment":[{"href":"https:\/\/artaora.com\/es\/wp-json\/wp\/v2\/media?parent=679"}],"wp:term":[{"taxonomy":"product_brand","embeddable":true,"href":"https:\/\/artaora.com\/es\/wp-json\/wp\/v2\/product_brand?post=679"},{"taxonomy":"product_cat","embeddable":true,"href":"https:\/\/artaora.com\/es\/wp-json\/wp\/v2\/product_cat?post=679"},{"taxonomy":"product_tag","embeddable":true,"href":"https:\/\/artaora.com\/es\/wp-json\/wp\/v2\/product_tag?post=679"}],"curies":[{"name":"wp","href":"https:\/\/api.w.org\/{rel}","templated":true}]}}