{"id":695,"date":"2026-03-01T12:21:15","date_gmt":"2026-03-01T12:21:15","guid":{"rendered":"https:\/\/artaora.com\/product\/pendientes-mecanicos-negros-de-alto-contraste\/"},"modified":"2026-03-01T13:53:08","modified_gmt":"2026-03-01T13:53:08","slug":"pendientes-mecanicos-negros-de-alto-contraste","status":"publish","type":"product","link":"https:\/\/artaora.com\/es\/producto\/pendientes-mecanicos-negros-de-alto-contraste\/","title":{"rendered":"Pendientes Mec\u00e1nicos Negros de Alto Contraste"},"content":{"rendered":"<p>Una base pintada en negro profundo intensifica el brillo de engranajes en tono lat\u00f3n dispuestos en equilibrio asim\u00e9trico. Los cierres leverback ampl\u00edan la ca\u00edda total a aproximadamente 25mm, aportando perfil vertical limpio y cierre seguro. Una pieza audaz de joyer\u00eda industrial contempor\u00e1nea hecha a mano.<\/p>\n","protected":false},"excerpt":{"rendered":"<p>Una base pintada en negro profundo intensifica el brillo de engranajes en tono lat\u00f3n dispuestos en equilibrio asim\u00e9trico. Los cierres leverback ampl\u00edan la ca\u00edda total a aproximadamente 25mm, aportando perfil vertical limpio y cierre seguro. Una pieza audaz de joyer\u00eda industrial contempor\u00e1nea hecha a mano.<\/p>\n","protected":false},"featured_media":693,"comment_status":"open","ping_status":"closed","template":"","meta":[],"product_brand":[],"product_cat":[255],"product_tag":[],"class_list":{"0":"post-695","1":"product","2":"type-product","3":"status-publish","4":"has-post-thumbnail","6":"product_cat-pendientes","7":"pa_charm-solo-piezas-de-reloj","8":"pa_color-negro","9":"pa_size-14mm","11":"first","12":"instock","13":"featured","14":"taxable","15":"shipping-taxable","16":"purchasable","17":"product-type-simple"},"_links":{"self":[{"href":"https:\/\/artaora.com\/es\/wp-json\/wp\/v2\/product\/695","targetHints":{"allow":["GET"]}}],"collection":[{"href":"https:\/\/artaora.com\/es\/wp-json\/wp\/v2\/product"}],"about":[{"href":"https:\/\/artaora.com\/es\/wp-json\/wp\/v2\/types\/product"}],"replies":[{"embeddable":true,"href":"https:\/\/artaora.com\/es\/wp-json\/wp\/v2\/comments?post=695"}],"wp:featuredmedia":[{"embeddable":true,"href":"https:\/\/artaora.com\/es\/wp-json\/wp\/v2\/media\/693"}],"wp:attachment":[{"href":"https:\/\/artaora.com\/es\/wp-json\/wp\/v2\/media?parent=695"}],"wp:term":[{"taxonomy":"product_brand","embeddable":true,"href":"https:\/\/artaora.com\/es\/wp-json\/wp\/v2\/product_brand?post=695"},{"taxonomy":"product_cat","embeddable":true,"href":"https:\/\/artaora.com\/es\/wp-json\/wp\/v2\/product_cat?post=695"},{"taxonomy":"product_tag","embeddable":true,"href":"https:\/\/artaora.com\/es\/wp-json\/wp\/v2\/product_tag?post=695"}],"curies":[{"name":"wp","href":"https:\/\/api.w.org\/{rel}","templated":true}]}}