{"id":703,"date":"2026-03-01T12:21:18","date_gmt":"2026-03-01T12:21:18","guid":{"rendered":"https:\/\/artaora.com\/product\/pendientes-steampunk-turquesa-pez-con-leverback\/"},"modified":"2026-03-01T13:53:09","modified_gmt":"2026-03-01T13:53:09","slug":"pendientes-steampunk-turquesa-pez-con-leverback","status":"publish","type":"product","link":"https:\/\/artaora.com\/es\/producto\/pendientes-steampunk-turquesa-pez-con-leverback\/","title":{"rendered":"Pendientes Steampunk Turquesa Pez con Leverback"},"content":{"rendered":"<p>La silueta de un pez se apoya sobre fragmentos de reloj en una base pintada en turquesa, combinando iconograf\u00eda marina y mec\u00e1nica reutilizada. Los cierres leverback ampl\u00edan la longitud total a aproximadamente 25mm para sujeci\u00f3n segura y movimiento controlado. Una pieza steampunk artesanal de inspiraci\u00f3n marina.<\/p>\n","protected":false},"excerpt":{"rendered":"<p>La silueta de un pez se apoya sobre fragmentos de reloj en una base pintada en turquesa, combinando iconograf\u00eda marina y mec\u00e1nica reutilizada. Los cierres leverback ampl\u00edan la longitud total a aproximadamente 25mm para sujeci\u00f3n segura y movimiento controlado. Una pieza steampunk artesanal de inspiraci\u00f3n marina.<\/p>\n","protected":false},"featured_media":701,"comment_status":"open","ping_status":"closed","template":"","meta":[],"product_brand":[],"product_cat":[255],"product_tag":[],"class_list":{"0":"post-703","1":"product","2":"type-product","3":"status-publish","4":"has-post-thumbnail","6":"product_cat-pendientes","7":"pa_charm-naturaleza","8":"pa_charm-pez","9":"pa_color-turquesa","10":"pa_size-14mm","12":"first","13":"instock","14":"taxable","15":"shipping-taxable","16":"purchasable","17":"product-type-simple"},"_links":{"self":[{"href":"https:\/\/artaora.com\/es\/wp-json\/wp\/v2\/product\/703","targetHints":{"allow":["GET"]}}],"collection":[{"href":"https:\/\/artaora.com\/es\/wp-json\/wp\/v2\/product"}],"about":[{"href":"https:\/\/artaora.com\/es\/wp-json\/wp\/v2\/types\/product"}],"replies":[{"embeddable":true,"href":"https:\/\/artaora.com\/es\/wp-json\/wp\/v2\/comments?post=703"}],"wp:featuredmedia":[{"embeddable":true,"href":"https:\/\/artaora.com\/es\/wp-json\/wp\/v2\/media\/701"}],"wp:attachment":[{"href":"https:\/\/artaora.com\/es\/wp-json\/wp\/v2\/media?parent=703"}],"wp:term":[{"taxonomy":"product_brand","embeddable":true,"href":"https:\/\/artaora.com\/es\/wp-json\/wp\/v2\/product_brand?post=703"},{"taxonomy":"product_cat","embeddable":true,"href":"https:\/\/artaora.com\/es\/wp-json\/wp\/v2\/product_cat?post=703"},{"taxonomy":"product_tag","embeddable":true,"href":"https:\/\/artaora.com\/es\/wp-json\/wp\/v2\/product_tag?post=703"}],"curies":[{"name":"wp","href":"https:\/\/api.w.org\/{rel}","templated":true}]}}