{"id":707,"date":"2026-03-01T12:21:19","date_gmt":"2026-03-01T12:21:19","guid":{"rendered":"https:\/\/artaora.com\/product\/pendientes-mecanicos-azul-oceano-con-pez\/"},"modified":"2026-03-01T13:53:09","modified_gmt":"2026-03-01T13:53:09","slug":"pendientes-mecanicos-azul-oceano-con-pez","status":"publish","type":"product","link":"https:\/\/artaora.com\/es\/producto\/pendientes-mecanicos-azul-oceano-con-pez\/","title":{"rendered":"Pendientes Mec\u00e1nicos Azul Oc\u00e9ano con Pez"},"content":{"rendered":"<p>Una base pintada en azul suave evoca el mar y enmarca la silueta de un pez con engranajes reciclados discretos. Los cierres leverback fijan la ca\u00edda total en aproximadamente 25mm, con cierre fiable y suspensi\u00f3n equilibrada. Una pieza industrial reutilizada de inspiraci\u00f3n marina.<\/p>\n","protected":false},"excerpt":{"rendered":"<p>Una base pintada en azul suave evoca el mar y enmarca la silueta de un pez con engranajes reciclados discretos. Los cierres leverback fijan la ca\u00edda total en aproximadamente 25mm, con cierre fiable y suspensi\u00f3n equilibrada. Una pieza industrial reutilizada de inspiraci\u00f3n marina.<\/p>\n","protected":false},"featured_media":705,"comment_status":"open","ping_status":"closed","template":"","meta":[],"product_brand":[],"product_cat":[255],"product_tag":[],"class_list":{"0":"post-707","1":"product","2":"type-product","3":"status-publish","4":"has-post-thumbnail","6":"product_cat-pendientes","7":"pa_charm-naturaleza","8":"pa_charm-pez","9":"pa_color-azul","10":"pa_size-14mm","12":"first","13":"instock","14":"taxable","15":"shipping-taxable","16":"purchasable","17":"product-type-simple"},"_links":{"self":[{"href":"https:\/\/artaora.com\/es\/wp-json\/wp\/v2\/product\/707","targetHints":{"allow":["GET"]}}],"collection":[{"href":"https:\/\/artaora.com\/es\/wp-json\/wp\/v2\/product"}],"about":[{"href":"https:\/\/artaora.com\/es\/wp-json\/wp\/v2\/types\/product"}],"replies":[{"embeddable":true,"href":"https:\/\/artaora.com\/es\/wp-json\/wp\/v2\/comments?post=707"}],"wp:featuredmedia":[{"embeddable":true,"href":"https:\/\/artaora.com\/es\/wp-json\/wp\/v2\/media\/705"}],"wp:attachment":[{"href":"https:\/\/artaora.com\/es\/wp-json\/wp\/v2\/media?parent=707"}],"wp:term":[{"taxonomy":"product_brand","embeddable":true,"href":"https:\/\/artaora.com\/es\/wp-json\/wp\/v2\/product_brand?post=707"},{"taxonomy":"product_cat","embeddable":true,"href":"https:\/\/artaora.com\/es\/wp-json\/wp\/v2\/product_cat?post=707"},{"taxonomy":"product_tag","embeddable":true,"href":"https:\/\/artaora.com\/es\/wp-json\/wp\/v2\/product_tag?post=707"}],"curies":[{"name":"wp","href":"https:\/\/api.w.org\/{rel}","templated":true}]}}