{"id":739,"date":"2026-03-01T12:21:29","date_gmt":"2026-03-01T12:21:29","guid":{"rendered":"https:\/\/artaora.com\/product\/pendientes-steampunk-azules-con-placa-mecanica-y-cierre-de-palanca\/"},"modified":"2026-03-01T13:53:13","modified_gmt":"2026-03-01T13:53:13","slug":"pendientes-steampunk-azules-con-placa-mecanica-y-cierre-de-palanca","status":"publish","type":"product","link":"https:\/\/artaora.com\/es\/producto\/pendientes-steampunk-azules-con-placa-mecanica-y-cierre-de-palanca\/","title":{"rendered":"Pendientes steampunk azules con placa mec\u00e1nica y cierre de palanca"},"content":{"rendered":"<p>Elementos met\u00e1licos tipo puente y engranajes visibles se apoyan sobre una base pintada en azul, dando forma a una pieza de joyer\u00eda con piezas de reloj recicladas. El formato redondo de 12mm est\u00e1 sellado con resina y montado en cierre de palanca, alcanzando 20mm de longitud total.<\/p>\n","protected":false},"excerpt":{"rendered":"<p>Elementos met\u00e1licos tipo puente y engranajes visibles se apoyan sobre una base pintada en azul, dando forma a una pieza de joyer\u00eda con piezas de reloj recicladas. El formato redondo de 12mm est\u00e1 sellado con resina y montado en cierre de palanca, alcanzando 20mm de longitud total.<\/p>\n","protected":false},"featured_media":737,"comment_status":"open","ping_status":"closed","template":"","meta":[],"product_brand":[],"product_cat":[255],"product_tag":[],"class_list":{"0":"post-739","1":"product","2":"type-product","3":"status-publish","4":"has-post-thumbnail","6":"product_cat-pendientes","7":"pa_charm-solo-piezas-de-reloj","8":"pa_color-azul","9":"pa_size-12mm","11":"first","12":"instock","13":"taxable","14":"shipping-taxable","15":"purchasable","16":"product-type-simple"},"_links":{"self":[{"href":"https:\/\/artaora.com\/es\/wp-json\/wp\/v2\/product\/739","targetHints":{"allow":["GET"]}}],"collection":[{"href":"https:\/\/artaora.com\/es\/wp-json\/wp\/v2\/product"}],"about":[{"href":"https:\/\/artaora.com\/es\/wp-json\/wp\/v2\/types\/product"}],"replies":[{"embeddable":true,"href":"https:\/\/artaora.com\/es\/wp-json\/wp\/v2\/comments?post=739"}],"wp:featuredmedia":[{"embeddable":true,"href":"https:\/\/artaora.com\/es\/wp-json\/wp\/v2\/media\/737"}],"wp:attachment":[{"href":"https:\/\/artaora.com\/es\/wp-json\/wp\/v2\/media?parent=739"}],"wp:term":[{"taxonomy":"product_brand","embeddable":true,"href":"https:\/\/artaora.com\/es\/wp-json\/wp\/v2\/product_brand?post=739"},{"taxonomy":"product_cat","embeddable":true,"href":"https:\/\/artaora.com\/es\/wp-json\/wp\/v2\/product_cat?post=739"},{"taxonomy":"product_tag","embeddable":true,"href":"https:\/\/artaora.com\/es\/wp-json\/wp\/v2\/product_tag?post=739"}],"curies":[{"name":"wp","href":"https:\/\/api.w.org\/{rel}","templated":true}]}}