{"id":74,"date":"2026-03-01T12:06:25","date_gmt":"2026-03-01T12:06:25","guid":{"rendered":"https:\/\/artaora.com\/product\/colgante-bicicleta-steampunk-en-turquesa-claro-con-detalle-industrial\/"},"modified":"2026-03-01T13:51:44","modified_gmt":"2026-03-01T13:51:44","slug":"colgante-bicicleta-steampunk-en-turquesa-claro-con-detalle-industrial","status":"publish","type":"product","link":"https:\/\/artaora.com\/es\/producto\/colgante-bicicleta-steampunk-en-turquesa-claro-con-detalle-industrial\/","title":{"rendered":"Colgante Bicicleta Steampunk en Turquesa Claro con Detalle Industrial"},"content":{"rendered":"<p>Construido sobre una base pintada en turquesa claro, este colgante steampunk hecho a mano equilibra suavidad y precisi\u00f3n mec\u00e1nica. El charm de bicicleta se sit\u00faa sobre mecanismos de reloj visibles y queda sellado bajo resina, formando una joya distintiva con piezas recicladas de reloj. Una pieza de joyer\u00eda industrial refinada para uso diario.<\/p>\n","protected":false},"excerpt":{"rendered":"<p>Construido sobre una base pintada en turquesa claro, este colgante steampunk hecho a mano equilibra suavidad y precisi\u00f3n mec\u00e1nica. El charm de bicicleta se sit\u00faa sobre mecanismos de reloj visibles y queda sellado bajo resina, formando una joya distintiva con piezas recicladas de reloj. Una pieza de joyer\u00eda industrial refinada para uso diario.<\/p>\n","protected":false},"featured_media":72,"comment_status":"open","ping_status":"closed","template":"","meta":[],"product_brand":[],"product_cat":[31,159],"product_tag":[],"class_list":{"0":"post-74","1":"product","2":"type-product","3":"status-publish","4":"has-post-thumbnail","6":"product_cat-colgante","7":"product_cat-colgantes","8":"pa_charm-bicicleta","9":"pa_charm-transporte","10":"pa_color-turquesa","11":"pa_color-turquesa-claro","12":"pa_size-33mm","14":"first","15":"instock","16":"taxable","17":"shipping-taxable","18":"purchasable","19":"product-type-simple"},"_links":{"self":[{"href":"https:\/\/artaora.com\/es\/wp-json\/wp\/v2\/product\/74","targetHints":{"allow":["GET"]}}],"collection":[{"href":"https:\/\/artaora.com\/es\/wp-json\/wp\/v2\/product"}],"about":[{"href":"https:\/\/artaora.com\/es\/wp-json\/wp\/v2\/types\/product"}],"replies":[{"embeddable":true,"href":"https:\/\/artaora.com\/es\/wp-json\/wp\/v2\/comments?post=74"}],"wp:featuredmedia":[{"embeddable":true,"href":"https:\/\/artaora.com\/es\/wp-json\/wp\/v2\/media\/72"}],"wp:attachment":[{"href":"https:\/\/artaora.com\/es\/wp-json\/wp\/v2\/media?parent=74"}],"wp:term":[{"taxonomy":"product_brand","embeddable":true,"href":"https:\/\/artaora.com\/es\/wp-json\/wp\/v2\/product_brand?post=74"},{"taxonomy":"product_cat","embeddable":true,"href":"https:\/\/artaora.com\/es\/wp-json\/wp\/v2\/product_cat?post=74"},{"taxonomy":"product_tag","embeddable":true,"href":"https:\/\/artaora.com\/es\/wp-json\/wp\/v2\/product_tag?post=74"}],"curies":[{"name":"wp","href":"https:\/\/api.w.org\/{rel}","templated":true}]}}