{"id":755,"date":"2026-03-01T12:21:34","date_gmt":"2026-03-01T12:21:34","guid":{"rendered":"https:\/\/artaora.com\/product\/pendientes-industriales-azul-y-naranja-con-engranajes-reciclados\/"},"modified":"2026-03-01T13:53:15","modified_gmt":"2026-03-01T13:53:15","slug":"pendientes-industriales-azul-y-naranja-con-engranajes-reciclados","status":"publish","type":"product","link":"https:\/\/artaora.com\/es\/producto\/pendientes-industriales-azul-y-naranja-con-engranajes-reciclados\/","title":{"rendered":"Pendientes Industriales Azul y Naranja con Engranajes Reciclados"},"content":{"rendered":"<p>Los tonos azul y naranja dominan la base pintada de acero inoxidable, donde se integran piezas de reloj recicladas selladas en resina. El di\u00e1metro es de 25mm y, con los ganchos largos, la longitud total alcanza 65mm. Pendientes steampunk con car\u00e1cter mec\u00e1nico marcado.<\/p>\n","protected":false},"excerpt":{"rendered":"<p>Los tonos azul y naranja dominan la base pintada de acero inoxidable, donde se integran piezas de reloj recicladas selladas en resina. El di\u00e1metro es de 25mm y, con los ganchos largos, la longitud total alcanza 65mm. Pendientes steampunk con car\u00e1cter mec\u00e1nico marcado.<\/p>\n","protected":false},"featured_media":753,"comment_status":"open","ping_status":"closed","template":"","meta":[],"product_brand":[],"product_cat":[255],"product_tag":[],"class_list":{"0":"post-755","1":"product","2":"type-product","3":"status-publish","4":"has-post-thumbnail","6":"product_cat-pendientes","7":"pa_charm-solo-piezas-de-reloj","8":"pa_color-azul","9":"pa_color-naranja","10":"pa_size-25mm","12":"first","13":"instock","14":"taxable","15":"shipping-taxable","16":"purchasable","17":"product-type-simple"},"_links":{"self":[{"href":"https:\/\/artaora.com\/es\/wp-json\/wp\/v2\/product\/755","targetHints":{"allow":["GET"]}}],"collection":[{"href":"https:\/\/artaora.com\/es\/wp-json\/wp\/v2\/product"}],"about":[{"href":"https:\/\/artaora.com\/es\/wp-json\/wp\/v2\/types\/product"}],"replies":[{"embeddable":true,"href":"https:\/\/artaora.com\/es\/wp-json\/wp\/v2\/comments?post=755"}],"wp:featuredmedia":[{"embeddable":true,"href":"https:\/\/artaora.com\/es\/wp-json\/wp\/v2\/media\/753"}],"wp:attachment":[{"href":"https:\/\/artaora.com\/es\/wp-json\/wp\/v2\/media?parent=755"}],"wp:term":[{"taxonomy":"product_brand","embeddable":true,"href":"https:\/\/artaora.com\/es\/wp-json\/wp\/v2\/product_brand?post=755"},{"taxonomy":"product_cat","embeddable":true,"href":"https:\/\/artaora.com\/es\/wp-json\/wp\/v2\/product_cat?post=755"},{"taxonomy":"product_tag","embeddable":true,"href":"https:\/\/artaora.com\/es\/wp-json\/wp\/v2\/product_tag?post=755"}],"curies":[{"name":"wp","href":"https:\/\/api.w.org\/{rel}","templated":true}]}}