{"id":771,"date":"2026-03-01T12:21:38","date_gmt":"2026-03-01T12:21:38","guid":{"rendered":"https:\/\/artaora.com\/product\/pendientes-beige-steampunk-con-corazon-mecanico\/"},"modified":"2026-03-01T13:53:18","modified_gmt":"2026-03-01T13:53:18","slug":"pendientes-beige-steampunk-con-corazon-mecanico","status":"publish","type":"product","link":"https:\/\/artaora.com\/es\/producto\/pendientes-beige-steampunk-con-corazon-mecanico\/","title":{"rendered":"Pendientes Beige Steampunk con Coraz\u00f3n Mec\u00e1nico"},"content":{"rendered":"<p>Sobre una base de acero inoxidable pintada en beige destaca un coraz\u00f3n colocado sobre piezas de reloj recicladas protegidas por resina. El di\u00e1metro es de 25mm y, gracias a los ganchos largos, la longitud total alcanza 65mm. Pendientes steampunk que fusionan simbolismo rom\u00e1ntico y mec\u00e1nica industrial.<\/p>\n","protected":false},"excerpt":{"rendered":"<p>Sobre una base de acero inoxidable pintada en beige destaca un coraz\u00f3n colocado sobre piezas de reloj recicladas protegidas por resina. El di\u00e1metro es de 25mm y, gracias a los ganchos largos, la longitud total alcanza 65mm. Pendientes steampunk que fusionan simbolismo rom\u00e1ntico y mec\u00e1nica industrial.<\/p>\n","protected":false},"featured_media":769,"comment_status":"open","ping_status":"closed","template":"","meta":[],"product_brand":[],"product_cat":[255],"product_tag":[],"class_list":{"0":"post-771","1":"product","2":"type-product","3":"status-publish","4":"has-post-thumbnail","6":"product_cat-pendientes","7":"pa_charm-amor","8":"pa_charm-corazon","9":"pa_size-25mm","11":"first","12":"instock","13":"taxable","14":"shipping-taxable","15":"purchasable","16":"product-type-simple"},"_links":{"self":[{"href":"https:\/\/artaora.com\/es\/wp-json\/wp\/v2\/product\/771","targetHints":{"allow":["GET"]}}],"collection":[{"href":"https:\/\/artaora.com\/es\/wp-json\/wp\/v2\/product"}],"about":[{"href":"https:\/\/artaora.com\/es\/wp-json\/wp\/v2\/types\/product"}],"replies":[{"embeddable":true,"href":"https:\/\/artaora.com\/es\/wp-json\/wp\/v2\/comments?post=771"}],"wp:featuredmedia":[{"embeddable":true,"href":"https:\/\/artaora.com\/es\/wp-json\/wp\/v2\/media\/769"}],"wp:attachment":[{"href":"https:\/\/artaora.com\/es\/wp-json\/wp\/v2\/media?parent=771"}],"wp:term":[{"taxonomy":"product_brand","embeddable":true,"href":"https:\/\/artaora.com\/es\/wp-json\/wp\/v2\/product_brand?post=771"},{"taxonomy":"product_cat","embeddable":true,"href":"https:\/\/artaora.com\/es\/wp-json\/wp\/v2\/product_cat?post=771"},{"taxonomy":"product_tag","embeddable":true,"href":"https:\/\/artaora.com\/es\/wp-json\/wp\/v2\/product_tag?post=771"}],"curies":[{"name":"wp","href":"https:\/\/api.w.org\/{rel}","templated":true}]}}