{"id":803,"date":"2026-03-01T12:21:48","date_gmt":"2026-03-01T12:21:48","guid":{"rendered":"https:\/\/artaora.com\/product\/pendientes-naranja-steampunk-con-mariposa-mecanica\/"},"modified":"2026-03-01T13:53:22","modified_gmt":"2026-03-01T13:53:22","slug":"pendientes-naranja-steampunk-con-mariposa-mecanica","status":"publish","type":"product","link":"https:\/\/artaora.com\/es\/producto\/pendientes-naranja-steampunk-con-mariposa-mecanica\/","title":{"rendered":"Pendientes Naranja Steampunk con Mariposa Mec\u00e1nica"},"content":{"rendered":"<p>La base de acero inoxidable pintada en naranja enmarca la mariposa colocada sobre piezas de reloj recicladas y protegidas con resina. El disco de 25mm resalta el contraste entre alas org\u00e1nicas y engranajes mec\u00e1nicos. Con ganchos largos, la longitud total alcanza 65mm, aportando una ca\u00edda estilizada y definida.<\/p>\n","protected":false},"excerpt":{"rendered":"<p>La base de acero inoxidable pintada en naranja enmarca la mariposa colocada sobre piezas de reloj recicladas y protegidas con resina. El disco de 25mm resalta el contraste entre alas org\u00e1nicas y engranajes mec\u00e1nicos. Con ganchos largos, la longitud total alcanza 65mm, aportando una ca\u00edda estilizada y definida.<\/p>\n","protected":false},"featured_media":801,"comment_status":"open","ping_status":"closed","template":"","meta":[],"product_brand":[],"product_cat":[255],"product_tag":[],"class_list":{"0":"post-803","1":"product","2":"type-product","3":"status-publish","4":"has-post-thumbnail","6":"product_cat-pendientes","7":"pa_charm-mariposa","8":"pa_charm-naturaleza","9":"pa_color-naranja","10":"pa_size-25mm","12":"first","13":"instock","14":"taxable","15":"shipping-taxable","16":"purchasable","17":"product-type-simple"},"_links":{"self":[{"href":"https:\/\/artaora.com\/es\/wp-json\/wp\/v2\/product\/803","targetHints":{"allow":["GET"]}}],"collection":[{"href":"https:\/\/artaora.com\/es\/wp-json\/wp\/v2\/product"}],"about":[{"href":"https:\/\/artaora.com\/es\/wp-json\/wp\/v2\/types\/product"}],"replies":[{"embeddable":true,"href":"https:\/\/artaora.com\/es\/wp-json\/wp\/v2\/comments?post=803"}],"wp:featuredmedia":[{"embeddable":true,"href":"https:\/\/artaora.com\/es\/wp-json\/wp\/v2\/media\/801"}],"wp:attachment":[{"href":"https:\/\/artaora.com\/es\/wp-json\/wp\/v2\/media?parent=803"}],"wp:term":[{"taxonomy":"product_brand","embeddable":true,"href":"https:\/\/artaora.com\/es\/wp-json\/wp\/v2\/product_brand?post=803"},{"taxonomy":"product_cat","embeddable":true,"href":"https:\/\/artaora.com\/es\/wp-json\/wp\/v2\/product_cat?post=803"},{"taxonomy":"product_tag","embeddable":true,"href":"https:\/\/artaora.com\/es\/wp-json\/wp\/v2\/product_tag?post=803"}],"curies":[{"name":"wp","href":"https:\/\/api.w.org\/{rel}","templated":true}]}}