{"id":823,"date":"2026-03-01T12:21:56","date_gmt":"2026-03-01T12:21:56","guid":{"rendered":"https:\/\/artaora.com\/product\/pendientes-industriales-naranjas-con-arte-de-reloj\/"},"modified":"2026-03-01T13:53:25","modified_gmt":"2026-03-01T13:53:25","slug":"pendientes-industriales-naranjas-con-arte-de-reloj","status":"publish","type":"product","link":"https:\/\/artaora.com\/es\/producto\/pendientes-industriales-naranjas-con-arte-de-reloj\/","title":{"rendered":"Pendientes industriales naranjas con arte de reloj"},"content":{"rendered":"<p>Una base pintada en naranja intenso crea el fondo para engranajes de reloj dispuestos en la parte inferior de cada disco. Estos pendientes artesanales en resina destacan el contraste entre color c\u00e1lido y detalles met\u00e1licos. Con 25mm de di\u00e1metro, incorporan ganchos largos que llevan la longitud total a unos 65mm.<\/p>\n","protected":false},"excerpt":{"rendered":"<p>Una base pintada en naranja intenso crea el fondo para engranajes de reloj dispuestos en la parte inferior de cada disco. Estos pendientes artesanales en resina destacan el contraste entre color c\u00e1lido y detalles met\u00e1licos. Con 25mm de di\u00e1metro, incorporan ganchos largos que llevan la longitud total a unos 65mm.<\/p>\n","protected":false},"featured_media":821,"comment_status":"open","ping_status":"closed","template":"","meta":[],"product_brand":[],"product_cat":[255],"product_tag":[],"class_list":{"0":"post-823","1":"product","2":"type-product","3":"status-publish","4":"has-post-thumbnail","6":"product_cat-pendientes","7":"pa_charm-solo-piezas-de-reloj","8":"pa_color-naranja","9":"pa_size-25mm","11":"first","12":"instock","13":"taxable","14":"shipping-taxable","15":"purchasable","16":"product-type-simple"},"_links":{"self":[{"href":"https:\/\/artaora.com\/es\/wp-json\/wp\/v2\/product\/823","targetHints":{"allow":["GET"]}}],"collection":[{"href":"https:\/\/artaora.com\/es\/wp-json\/wp\/v2\/product"}],"about":[{"href":"https:\/\/artaora.com\/es\/wp-json\/wp\/v2\/types\/product"}],"replies":[{"embeddable":true,"href":"https:\/\/artaora.com\/es\/wp-json\/wp\/v2\/comments?post=823"}],"wp:featuredmedia":[{"embeddable":true,"href":"https:\/\/artaora.com\/es\/wp-json\/wp\/v2\/media\/821"}],"wp:attachment":[{"href":"https:\/\/artaora.com\/es\/wp-json\/wp\/v2\/media?parent=823"}],"wp:term":[{"taxonomy":"product_brand","embeddable":true,"href":"https:\/\/artaora.com\/es\/wp-json\/wp\/v2\/product_brand?post=823"},{"taxonomy":"product_cat","embeddable":true,"href":"https:\/\/artaora.com\/es\/wp-json\/wp\/v2\/product_cat?post=823"},{"taxonomy":"product_tag","embeddable":true,"href":"https:\/\/artaora.com\/es\/wp-json\/wp\/v2\/product_tag?post=823"}],"curies":[{"name":"wp","href":"https:\/\/api.w.org\/{rel}","templated":true}]}}