{"id":835,"date":"2026-03-01T12:22:00","date_gmt":"2026-03-01T12:22:00","guid":{"rendered":"https:\/\/artaora.com\/product\/pendientes-steampunk-azul-y-dorado-con-arpa\/"},"modified":"2026-03-01T13:53:27","modified_gmt":"2026-03-01T13:53:27","slug":"pendientes-steampunk-azul-y-dorado-con-arpa","status":"publish","type":"product","link":"https:\/\/artaora.com\/es\/producto\/pendientes-steampunk-azul-y-dorado-con-arpa\/","title":{"rendered":"Pendientes steampunk azul y dorado con arpa"},"content":{"rendered":"<p>El motivo de un arpa resalta sobre una base pintada en azul con matices dorados y mecanismos de reloj integrados. Esta pieza de joyer\u00eda steampunk inspirada en la m\u00fasica combina detalle mec\u00e1nico en cada disco de 25mm. Colgados de ganchos largos, los pendientes alcanzan una longitud total aproximada de 65mm, creando una ca\u00edda elegante.<\/p>\n","protected":false},"excerpt":{"rendered":"<p>El motivo de un arpa resalta sobre una base pintada en azul con matices dorados y mecanismos de reloj integrados. Esta pieza de joyer\u00eda steampunk inspirada en la m\u00fasica combina detalle mec\u00e1nico en cada disco de 25mm. Colgados de ganchos largos, los pendientes alcanzan una longitud total aproximada de 65mm, creando una ca\u00edda elegante.<\/p>\n","protected":false},"featured_media":833,"comment_status":"open","ping_status":"closed","template":"","meta":[],"product_brand":[],"product_cat":[255],"product_tag":[],"class_list":{"0":"post-835","1":"product","2":"type-product","3":"status-publish","4":"has-post-thumbnail","6":"product_cat-pendientes","7":"pa_charm-arpa","8":"pa_charm-musica","9":"pa_color-azul","10":"pa_color-dorado","11":"pa_size-25mm","13":"first","14":"instock","15":"taxable","16":"shipping-taxable","17":"purchasable","18":"product-type-simple"},"_links":{"self":[{"href":"https:\/\/artaora.com\/es\/wp-json\/wp\/v2\/product\/835","targetHints":{"allow":["GET"]}}],"collection":[{"href":"https:\/\/artaora.com\/es\/wp-json\/wp\/v2\/product"}],"about":[{"href":"https:\/\/artaora.com\/es\/wp-json\/wp\/v2\/types\/product"}],"replies":[{"embeddable":true,"href":"https:\/\/artaora.com\/es\/wp-json\/wp\/v2\/comments?post=835"}],"wp:featuredmedia":[{"embeddable":true,"href":"https:\/\/artaora.com\/es\/wp-json\/wp\/v2\/media\/833"}],"wp:attachment":[{"href":"https:\/\/artaora.com\/es\/wp-json\/wp\/v2\/media?parent=835"}],"wp:term":[{"taxonomy":"product_brand","embeddable":true,"href":"https:\/\/artaora.com\/es\/wp-json\/wp\/v2\/product_brand?post=835"},{"taxonomy":"product_cat","embeddable":true,"href":"https:\/\/artaora.com\/es\/wp-json\/wp\/v2\/product_cat?post=835"},{"taxonomy":"product_tag","embeddable":true,"href":"https:\/\/artaora.com\/es\/wp-json\/wp\/v2\/product_tag?post=835"}],"curies":[{"name":"wp","href":"https:\/\/api.w.org\/{rel}","templated":true}]}}