{"id":839,"date":"2026-03-01T12:22:01","date_gmt":"2026-03-01T12:22:01","guid":{"rendered":"https:\/\/artaora.com\/product\/pendientes-steampunk-turquesa-con-caballito-de-mar\/"},"modified":"2026-03-01T13:53:27","modified_gmt":"2026-03-01T13:53:27","slug":"pendientes-steampunk-turquesa-con-caballito-de-mar","status":"publish","type":"product","link":"https:\/\/artaora.com\/es\/producto\/pendientes-steampunk-turquesa-con-caballito-de-mar\/","title":{"rendered":"Pendientes steampunk turquesa con caballito de mar"},"content":{"rendered":"<p>Una base pintada en turquesa crea una atm\u00f3sfera marina, contrastada con engranajes met\u00e1licos que rodean un caballito de mar esculpido. Este accesorio steampunk de inspiraci\u00f3n oce\u00e1nica integra piezas de reloj recicladas en discos de 25mm. Los ganchos largos llevan la longitud total a unos 65mm, acentuando la ca\u00edda vertical.<\/p>\n","protected":false},"excerpt":{"rendered":"<p>Una base pintada en turquesa crea una atm\u00f3sfera marina, contrastada con engranajes met\u00e1licos que rodean un caballito de mar esculpido. Este accesorio steampunk de inspiraci\u00f3n oce\u00e1nica integra piezas de reloj recicladas en discos de 25mm. Los ganchos largos llevan la longitud total a unos 65mm, acentuando la ca\u00edda vertical.<\/p>\n","protected":false},"featured_media":837,"comment_status":"open","ping_status":"closed","template":"","meta":[],"product_brand":[],"product_cat":[255],"product_tag":[],"class_list":{"0":"post-839","1":"product","2":"type-product","3":"status-publish","4":"has-post-thumbnail","6":"product_cat-pendientes","7":"pa_charm-caballito-de-mar","8":"pa_charm-naturaleza","9":"pa_color-turquesa","10":"pa_size-25mm","12":"first","13":"instock","14":"taxable","15":"shipping-taxable","16":"purchasable","17":"product-type-simple"},"_links":{"self":[{"href":"https:\/\/artaora.com\/es\/wp-json\/wp\/v2\/product\/839","targetHints":{"allow":["GET"]}}],"collection":[{"href":"https:\/\/artaora.com\/es\/wp-json\/wp\/v2\/product"}],"about":[{"href":"https:\/\/artaora.com\/es\/wp-json\/wp\/v2\/types\/product"}],"replies":[{"embeddable":true,"href":"https:\/\/artaora.com\/es\/wp-json\/wp\/v2\/comments?post=839"}],"wp:featuredmedia":[{"embeddable":true,"href":"https:\/\/artaora.com\/es\/wp-json\/wp\/v2\/media\/837"}],"wp:attachment":[{"href":"https:\/\/artaora.com\/es\/wp-json\/wp\/v2\/media?parent=839"}],"wp:term":[{"taxonomy":"product_brand","embeddable":true,"href":"https:\/\/artaora.com\/es\/wp-json\/wp\/v2\/product_brand?post=839"},{"taxonomy":"product_cat","embeddable":true,"href":"https:\/\/artaora.com\/es\/wp-json\/wp\/v2\/product_cat?post=839"},{"taxonomy":"product_tag","embeddable":true,"href":"https:\/\/artaora.com\/es\/wp-json\/wp\/v2\/product_tag?post=839"}],"curies":[{"name":"wp","href":"https:\/\/api.w.org\/{rel}","templated":true}]}}