{"id":851,"date":"2026-03-01T12:22:05","date_gmt":"2026-03-01T12:22:05","guid":{"rendered":"https:\/\/artaora.com\/product\/pendientes-steampunk-rosas-con-mariposa\/"},"modified":"2026-03-01T13:53:29","modified_gmt":"2026-03-01T13:53:29","slug":"pendientes-steampunk-rosas-con-mariposa","status":"publish","type":"product","link":"https:\/\/artaora.com\/es\/producto\/pendientes-steampunk-rosas-con-mariposa\/","title":{"rendered":"Pendientes steampunk rosas con mariposa"},"content":{"rendered":"<p>Una base pintada en rosa crea un fondo vibrante para una mariposa combinada con piezas de reloj recicladas protegidas en resina. Esta pieza de joyer\u00eda steampunk de inspiraci\u00f3n fant\u00e1stica equilibra simbolismo delicado y estructura mec\u00e1nica en discos de 25mm. Los ganchos largos llevan la longitud total a unos 65mm, aportando una ca\u00edda elegante.<\/p>\n","protected":false},"excerpt":{"rendered":"<p>Una base pintada en rosa crea un fondo vibrante para una mariposa combinada con piezas de reloj recicladas protegidas en resina. Esta pieza de joyer\u00eda steampunk de inspiraci\u00f3n fant\u00e1stica equilibra simbolismo delicado y estructura mec\u00e1nica en discos de 25mm. Los ganchos largos llevan la longitud total a unos 65mm, aportando una ca\u00edda elegante.<\/p>\n","protected":false},"featured_media":849,"comment_status":"open","ping_status":"closed","template":"","meta":[],"product_brand":[],"product_cat":[255],"product_tag":[],"class_list":{"0":"post-851","1":"product","2":"type-product","3":"status-publish","4":"has-post-thumbnail","6":"product_cat-pendientes","7":"pa_charm-mariposa","8":"pa_charm-naturaleza","9":"pa_color-rosa","10":"pa_size-25mm","12":"first","13":"instock","14":"featured","15":"taxable","16":"shipping-taxable","17":"purchasable","18":"product-type-simple"},"_links":{"self":[{"href":"https:\/\/artaora.com\/es\/wp-json\/wp\/v2\/product\/851","targetHints":{"allow":["GET"]}}],"collection":[{"href":"https:\/\/artaora.com\/es\/wp-json\/wp\/v2\/product"}],"about":[{"href":"https:\/\/artaora.com\/es\/wp-json\/wp\/v2\/types\/product"}],"replies":[{"embeddable":true,"href":"https:\/\/artaora.com\/es\/wp-json\/wp\/v2\/comments?post=851"}],"wp:featuredmedia":[{"embeddable":true,"href":"https:\/\/artaora.com\/es\/wp-json\/wp\/v2\/media\/849"}],"wp:attachment":[{"href":"https:\/\/artaora.com\/es\/wp-json\/wp\/v2\/media?parent=851"}],"wp:term":[{"taxonomy":"product_brand","embeddable":true,"href":"https:\/\/artaora.com\/es\/wp-json\/wp\/v2\/product_brand?post=851"},{"taxonomy":"product_cat","embeddable":true,"href":"https:\/\/artaora.com\/es\/wp-json\/wp\/v2\/product_cat?post=851"},{"taxonomy":"product_tag","embeddable":true,"href":"https:\/\/artaora.com\/es\/wp-json\/wp\/v2\/product_tag?post=851"}],"curies":[{"name":"wp","href":"https:\/\/api.w.org\/{rel}","templated":true}]}}