{"id":859,"date":"2026-03-01T12:22:08","date_gmt":"2026-03-01T12:22:08","guid":{"rendered":"https:\/\/artaora.com\/product\/pendientes-steampunk-azul-y-dorado-con-mariposa\/"},"modified":"2026-03-01T13:53:30","modified_gmt":"2026-03-01T13:53:30","slug":"pendientes-steampunk-azul-y-dorado-con-mariposa","status":"publish","type":"product","link":"https:\/\/artaora.com\/es\/producto\/pendientes-steampunk-azul-y-dorado-con-mariposa\/","title":{"rendered":"Pendientes steampunk azul y dorado con mariposa"},"content":{"rendered":"<p>Una base pintada en azul con acentos dorados sirve de fondo para una mariposa esculpida combinada con engranajes reciclados. Este accesorio steampunk fusiona movimiento org\u00e1nico y precisi\u00f3n mec\u00e1nica en discos de 25mm. Colgados de ganchos largos, los pendientes alcanzan una longitud total aproximada de 65mm, creando una ca\u00edda marcada.<\/p>\n","protected":false},"excerpt":{"rendered":"<p>Una base pintada en azul con acentos dorados sirve de fondo para una mariposa esculpida combinada con engranajes reciclados. Este accesorio steampunk fusiona movimiento org\u00e1nico y precisi\u00f3n mec\u00e1nica en discos de 25mm. Colgados de ganchos largos, los pendientes alcanzan una longitud total aproximada de 65mm, creando una ca\u00edda marcada.<\/p>\n","protected":false},"featured_media":857,"comment_status":"open","ping_status":"closed","template":"","meta":[],"product_brand":[],"product_cat":[255],"product_tag":[],"class_list":{"0":"post-859","1":"product","2":"type-product","3":"status-publish","4":"has-post-thumbnail","6":"product_cat-pendientes","7":"pa_charm-mariposa","8":"pa_charm-naturaleza","9":"pa_color-azul","10":"pa_color-dorado","11":"pa_size-25mm","13":"first","14":"instock","15":"featured","16":"taxable","17":"shipping-taxable","18":"purchasable","19":"product-type-simple"},"_links":{"self":[{"href":"https:\/\/artaora.com\/es\/wp-json\/wp\/v2\/product\/859","targetHints":{"allow":["GET"]}}],"collection":[{"href":"https:\/\/artaora.com\/es\/wp-json\/wp\/v2\/product"}],"about":[{"href":"https:\/\/artaora.com\/es\/wp-json\/wp\/v2\/types\/product"}],"replies":[{"embeddable":true,"href":"https:\/\/artaora.com\/es\/wp-json\/wp\/v2\/comments?post=859"}],"wp:featuredmedia":[{"embeddable":true,"href":"https:\/\/artaora.com\/es\/wp-json\/wp\/v2\/media\/857"}],"wp:attachment":[{"href":"https:\/\/artaora.com\/es\/wp-json\/wp\/v2\/media?parent=859"}],"wp:term":[{"taxonomy":"product_brand","embeddable":true,"href":"https:\/\/artaora.com\/es\/wp-json\/wp\/v2\/product_brand?post=859"},{"taxonomy":"product_cat","embeddable":true,"href":"https:\/\/artaora.com\/es\/wp-json\/wp\/v2\/product_cat?post=859"},{"taxonomy":"product_tag","embeddable":true,"href":"https:\/\/artaora.com\/es\/wp-json\/wp\/v2\/product_tag?post=859"}],"curies":[{"name":"wp","href":"https:\/\/api.w.org\/{rel}","templated":true}]}}