{"id":867,"date":"2026-03-01T12:22:11","date_gmt":"2026-03-01T12:22:11","guid":{"rendered":"https:\/\/artaora.com\/product\/anillo-ajustable-de-reloj-steampunk-azul\/"},"modified":"2026-03-01T13:53:31","modified_gmt":"2026-03-01T13:53:31","slug":"anillo-ajustable-de-reloj-steampunk-azul","status":"publish","type":"product","link":"https:\/\/artaora.com\/es\/producto\/anillo-ajustable-de-reloj-steampunk-azul\/","title":{"rendered":"Anillo ajustable de reloj steampunk azul"},"content":{"rendered":"<p>Una base azul n\u00edtida realza engranajes de reloj reciclados en capas para un estilo industrial. El di\u00e1metro del anillo es ajustable, por lo que este anillo con piezas de reloj recicladas se adapta c\u00f3modamente durante el d\u00eda.<\/p>\n","protected":false},"excerpt":{"rendered":"<p>Una base azul n\u00edtida realza engranajes de reloj reciclados en capas para un estilo industrial. El di\u00e1metro del anillo es ajustable, por lo que este anillo con piezas de reloj recicladas se adapta c\u00f3modamente durante el d\u00eda.<\/p>\n","protected":false},"featured_media":865,"comment_status":"open","ping_status":"closed","template":"","meta":[],"product_brand":[],"product_cat":[282],"product_tag":[],"class_list":{"0":"post-867","1":"product","2":"type-product","3":"status-publish","4":"has-post-thumbnail","6":"product_cat-anillos","7":"pa_charm-solo-piezas-de-reloj","8":"pa_color-azul","9":"pa_size-16mm","11":"first","12":"instock","13":"taxable","14":"shipping-taxable","15":"purchasable","16":"product-type-simple"},"_links":{"self":[{"href":"https:\/\/artaora.com\/es\/wp-json\/wp\/v2\/product\/867","targetHints":{"allow":["GET"]}}],"collection":[{"href":"https:\/\/artaora.com\/es\/wp-json\/wp\/v2\/product"}],"about":[{"href":"https:\/\/artaora.com\/es\/wp-json\/wp\/v2\/types\/product"}],"replies":[{"embeddable":true,"href":"https:\/\/artaora.com\/es\/wp-json\/wp\/v2\/comments?post=867"}],"wp:featuredmedia":[{"embeddable":true,"href":"https:\/\/artaora.com\/es\/wp-json\/wp\/v2\/media\/865"}],"wp:attachment":[{"href":"https:\/\/artaora.com\/es\/wp-json\/wp\/v2\/media?parent=867"}],"wp:term":[{"taxonomy":"product_brand","embeddable":true,"href":"https:\/\/artaora.com\/es\/wp-json\/wp\/v2\/product_brand?post=867"},{"taxonomy":"product_cat","embeddable":true,"href":"https:\/\/artaora.com\/es\/wp-json\/wp\/v2\/product_cat?post=867"},{"taxonomy":"product_tag","embeddable":true,"href":"https:\/\/artaora.com\/es\/wp-json\/wp\/v2\/product_tag?post=867"}],"curies":[{"name":"wp","href":"https:\/\/api.w.org\/{rel}","templated":true}]}}