{"id":871,"date":"2026-03-01T12:22:13","date_gmt":"2026-03-01T12:22:13","guid":{"rendered":"https:\/\/artaora.com\/product\/anillo-ajustable-amarillo-con-disco-de-engranajes\/"},"modified":"2026-03-01T13:53:32","modified_gmt":"2026-03-01T13:53:32","slug":"anillo-ajustable-amarillo-con-disco-de-engranajes","status":"publish","type":"product","link":"https:\/\/artaora.com\/es\/producto\/anillo-ajustable-amarillo-con-disco-de-engranajes\/","title":{"rendered":"Anillo ajustable amarillo con disco de engranajes"},"content":{"rendered":"<p>Una superficie amarilla intensa genera un contraste inmediato bajo los elementos mec\u00e1nicos visibles. Sellado en resina sobre acero inoxidable, este anillo hecho a mano tiene di\u00e1metro ajustable y una marcada est\u00e9tica de joyer\u00eda industrial.<\/p>\n","protected":false},"excerpt":{"rendered":"<p>Una superficie amarilla intensa genera un contraste inmediato bajo los elementos mec\u00e1nicos visibles. Sellado en resina sobre acero inoxidable, este anillo hecho a mano tiene di\u00e1metro ajustable y una marcada est\u00e9tica de joyer\u00eda industrial.<\/p>\n","protected":false},"featured_media":869,"comment_status":"open","ping_status":"closed","template":"","meta":[],"product_brand":[],"product_cat":[282],"product_tag":[],"class_list":{"0":"post-871","1":"product","2":"type-product","3":"status-publish","4":"has-post-thumbnail","6":"product_cat-anillos","7":"pa_charm-solo-piezas-de-reloj","8":"pa_color-amarillo","9":"pa_size-16mm","11":"first","12":"instock","13":"taxable","14":"shipping-taxable","15":"purchasable","16":"product-type-simple"},"_links":{"self":[{"href":"https:\/\/artaora.com\/es\/wp-json\/wp\/v2\/product\/871","targetHints":{"allow":["GET"]}}],"collection":[{"href":"https:\/\/artaora.com\/es\/wp-json\/wp\/v2\/product"}],"about":[{"href":"https:\/\/artaora.com\/es\/wp-json\/wp\/v2\/types\/product"}],"replies":[{"embeddable":true,"href":"https:\/\/artaora.com\/es\/wp-json\/wp\/v2\/comments?post=871"}],"wp:featuredmedia":[{"embeddable":true,"href":"https:\/\/artaora.com\/es\/wp-json\/wp\/v2\/media\/869"}],"wp:attachment":[{"href":"https:\/\/artaora.com\/es\/wp-json\/wp\/v2\/media?parent=871"}],"wp:term":[{"taxonomy":"product_brand","embeddable":true,"href":"https:\/\/artaora.com\/es\/wp-json\/wp\/v2\/product_brand?post=871"},{"taxonomy":"product_cat","embeddable":true,"href":"https:\/\/artaora.com\/es\/wp-json\/wp\/v2\/product_cat?post=871"},{"taxonomy":"product_tag","embeddable":true,"href":"https:\/\/artaora.com\/es\/wp-json\/wp\/v2\/product_tag?post=871"}],"curies":[{"name":"wp","href":"https:\/\/api.w.org\/{rel}","templated":true}]}}