{"id":875,"date":"2026-03-01T12:22:14","date_gmt":"2026-03-01T12:22:14","guid":{"rendered":"https:\/\/artaora.com\/product\/anillo-ajustable-naranja-con-mecanismo-visible\/"},"modified":"2026-03-01T13:53:32","modified_gmt":"2026-03-01T13:53:32","slug":"anillo-ajustable-naranja-con-mecanismo-visible","status":"publish","type":"product","link":"https:\/\/artaora.com\/es\/producto\/anillo-ajustable-naranja-con-mecanismo-visible\/","title":{"rendered":"Anillo ajustable naranja con mecanismo visible"},"content":{"rendered":"<p>El naranja vibrante potencia las piezas de reloj superpuestas bajo una superficie lisa de resina. Dise\u00f1ado como anillo industrial hecho a mano, su di\u00e1metro ajustable permite adaptarse a distintos tama\u00f1os manteniendo un gran impacto visual.<\/p>\n","protected":false},"excerpt":{"rendered":"<p>El naranja vibrante potencia las piezas de reloj superpuestas bajo una superficie lisa de resina. Dise\u00f1ado como anillo industrial hecho a mano, su di\u00e1metro ajustable permite adaptarse a distintos tama\u00f1os manteniendo un gran impacto visual.<\/p>\n","protected":false},"featured_media":873,"comment_status":"open","ping_status":"closed","template":"","meta":[],"product_brand":[],"product_cat":[282],"product_tag":[],"class_list":{"0":"post-875","1":"product","2":"type-product","3":"status-publish","4":"has-post-thumbnail","6":"product_cat-anillos","7":"pa_charm-solo-piezas-de-reloj","8":"pa_color-naranja","9":"pa_size-16mm","11":"first","12":"instock","13":"taxable","14":"shipping-taxable","15":"purchasable","16":"product-type-simple"},"_links":{"self":[{"href":"https:\/\/artaora.com\/es\/wp-json\/wp\/v2\/product\/875","targetHints":{"allow":["GET"]}}],"collection":[{"href":"https:\/\/artaora.com\/es\/wp-json\/wp\/v2\/product"}],"about":[{"href":"https:\/\/artaora.com\/es\/wp-json\/wp\/v2\/types\/product"}],"replies":[{"embeddable":true,"href":"https:\/\/artaora.com\/es\/wp-json\/wp\/v2\/comments?post=875"}],"wp:featuredmedia":[{"embeddable":true,"href":"https:\/\/artaora.com\/es\/wp-json\/wp\/v2\/media\/873"}],"wp:attachment":[{"href":"https:\/\/artaora.com\/es\/wp-json\/wp\/v2\/media?parent=875"}],"wp:term":[{"taxonomy":"product_brand","embeddable":true,"href":"https:\/\/artaora.com\/es\/wp-json\/wp\/v2\/product_brand?post=875"},{"taxonomy":"product_cat","embeddable":true,"href":"https:\/\/artaora.com\/es\/wp-json\/wp\/v2\/product_cat?post=875"},{"taxonomy":"product_tag","embeddable":true,"href":"https:\/\/artaora.com\/es\/wp-json\/wp\/v2\/product_tag?post=875"}],"curies":[{"name":"wp","href":"https:\/\/api.w.org\/{rel}","templated":true}]}}