{"id":879,"date":"2026-03-01T12:22:17","date_gmt":"2026-03-01T12:22:17","guid":{"rendered":"https:\/\/artaora.com\/product\/anillo-steampunk-ajustable-negro-arbol-de-la-vida\/"},"modified":"2026-03-01T13:53:33","modified_gmt":"2026-03-01T13:53:33","slug":"anillo-steampunk-ajustable-negro-arbol-de-la-vida","status":"publish","type":"product","link":"https:\/\/artaora.com\/es\/producto\/anillo-steampunk-ajustable-negro-arbol-de-la-vida\/","title":{"rendered":"Anillo steampunk ajustable negro \u00c1rbol de la Vida"},"content":{"rendered":"<p>Una silueta de \u00c1rbol de la Vida emerge sobre una base negra pintada, combinada con elementos mec\u00e1nicos bajo resina. Montado en acero inoxidable, este anillo ajustable fusiona joyer\u00eda simb\u00f3lica de naturaleza con piezas de reloj recicladas en formato de 16mm.<\/p>\n","protected":false},"excerpt":{"rendered":"<p>Una silueta de \u00c1rbol de la Vida emerge sobre una base negra pintada, combinada con elementos mec\u00e1nicos bajo resina. Montado en acero inoxidable, este anillo ajustable fusiona joyer\u00eda simb\u00f3lica de naturaleza con piezas de reloj recicladas en formato de 16mm.<\/p>\n","protected":false},"featured_media":877,"comment_status":"open","ping_status":"closed","template":"","meta":[],"product_brand":[],"product_cat":[282],"product_tag":[],"class_list":{"0":"post-879","1":"product","2":"type-product","3":"status-publish","4":"has-post-thumbnail","6":"product_cat-anillos","7":"pa_charm-arbol-de-la-vida","8":"pa_charm-naturaleza","9":"pa_color-negro","10":"pa_size-16mm","12":"first","13":"instock","14":"taxable","15":"shipping-taxable","16":"purchasable","17":"product-type-simple"},"_links":{"self":[{"href":"https:\/\/artaora.com\/es\/wp-json\/wp\/v2\/product\/879","targetHints":{"allow":["GET"]}}],"collection":[{"href":"https:\/\/artaora.com\/es\/wp-json\/wp\/v2\/product"}],"about":[{"href":"https:\/\/artaora.com\/es\/wp-json\/wp\/v2\/types\/product"}],"replies":[{"embeddable":true,"href":"https:\/\/artaora.com\/es\/wp-json\/wp\/v2\/comments?post=879"}],"wp:featuredmedia":[{"embeddable":true,"href":"https:\/\/artaora.com\/es\/wp-json\/wp\/v2\/media\/877"}],"wp:attachment":[{"href":"https:\/\/artaora.com\/es\/wp-json\/wp\/v2\/media?parent=879"}],"wp:term":[{"taxonomy":"product_brand","embeddable":true,"href":"https:\/\/artaora.com\/es\/wp-json\/wp\/v2\/product_brand?post=879"},{"taxonomy":"product_cat","embeddable":true,"href":"https:\/\/artaora.com\/es\/wp-json\/wp\/v2\/product_cat?post=879"},{"taxonomy":"product_tag","embeddable":true,"href":"https:\/\/artaora.com\/es\/wp-json\/wp\/v2\/product_tag?post=879"}],"curies":[{"name":"wp","href":"https:\/\/api.w.org\/{rel}","templated":true}]}}