{"id":883,"date":"2026-03-01T12:22:19","date_gmt":"2026-03-01T12:22:19","guid":{"rendered":"https:\/\/artaora.com\/product\/anillo-steampunk-ajustable-rojo-arbol-de-la-vida\/"},"modified":"2026-03-01T13:53:33","modified_gmt":"2026-03-01T13:53:33","slug":"anillo-steampunk-ajustable-rojo-arbol-de-la-vida","status":"publish","type":"product","link":"https:\/\/artaora.com\/es\/producto\/anillo-steampunk-ajustable-rojo-arbol-de-la-vida\/","title":{"rendered":"Anillo steampunk ajustable rojo \u00c1rbol de la Vida"},"content":{"rendered":"<p>El motivo del \u00c1rbol de la Vida estructura la composici\u00f3n sobre una base roja pintada combinada con piezas de reloj recicladas. Sellado en resina sobre acero inoxidable, este anillo simb\u00f3lico de naturaleza tiene di\u00e1metro ajustable para mayor versatilidad.<\/p>\n","protected":false},"excerpt":{"rendered":"<p>El motivo del \u00c1rbol de la Vida estructura la composici\u00f3n sobre una base roja pintada combinada con piezas de reloj recicladas. Sellado en resina sobre acero inoxidable, este anillo simb\u00f3lico de naturaleza tiene di\u00e1metro ajustable para mayor versatilidad.<\/p>\n","protected":false},"featured_media":881,"comment_status":"open","ping_status":"closed","template":"","meta":[],"product_brand":[],"product_cat":[282],"product_tag":[],"class_list":{"0":"post-883","1":"product","2":"type-product","3":"status-publish","4":"has-post-thumbnail","6":"product_cat-anillos","7":"pa_charm-arbol-de-la-vida","8":"pa_charm-naturaleza","9":"pa_color-rojo","10":"pa_size-16mm","12":"first","13":"instock","14":"taxable","15":"shipping-taxable","16":"purchasable","17":"product-type-simple"},"_links":{"self":[{"href":"https:\/\/artaora.com\/es\/wp-json\/wp\/v2\/product\/883","targetHints":{"allow":["GET"]}}],"collection":[{"href":"https:\/\/artaora.com\/es\/wp-json\/wp\/v2\/product"}],"about":[{"href":"https:\/\/artaora.com\/es\/wp-json\/wp\/v2\/types\/product"}],"replies":[{"embeddable":true,"href":"https:\/\/artaora.com\/es\/wp-json\/wp\/v2\/comments?post=883"}],"wp:featuredmedia":[{"embeddable":true,"href":"https:\/\/artaora.com\/es\/wp-json\/wp\/v2\/media\/881"}],"wp:attachment":[{"href":"https:\/\/artaora.com\/es\/wp-json\/wp\/v2\/media?parent=883"}],"wp:term":[{"taxonomy":"product_brand","embeddable":true,"href":"https:\/\/artaora.com\/es\/wp-json\/wp\/v2\/product_brand?post=883"},{"taxonomy":"product_cat","embeddable":true,"href":"https:\/\/artaora.com\/es\/wp-json\/wp\/v2\/product_cat?post=883"},{"taxonomy":"product_tag","embeddable":true,"href":"https:\/\/artaora.com\/es\/wp-json\/wp\/v2\/product_tag?post=883"}],"curies":[{"name":"wp","href":"https:\/\/api.w.org\/{rel}","templated":true}]}}