{"id":887,"date":"2026-03-01T12:22:21","date_gmt":"2026-03-01T12:22:21","guid":{"rendered":"https:\/\/artaora.com\/product\/anillo-industrial-ajustable-turquesa-arbol-de-la-vida\/"},"modified":"2026-03-01T13:53:34","modified_gmt":"2026-03-01T13:53:34","slug":"anillo-industrial-ajustable-turquesa-arbol-de-la-vida","status":"publish","type":"product","link":"https:\/\/artaora.com\/es\/producto\/anillo-industrial-ajustable-turquesa-arbol-de-la-vida\/","title":{"rendered":"Anillo industrial ajustable turquesa \u00c1rbol de la Vida"},"content":{"rendered":"<p>Los tonos turquesa emergen a trav\u00e9s de la silueta del \u00c1rbol de la Vida, entrelazada con mecanismos visibles. Concebido como anillo compacto de 16mm, la base de acero inoxidable es ajustable en di\u00e1metro, permitiendo un uso vers\u00e1til con est\u00e9tica steampunk marcada.<\/p>\n","protected":false},"excerpt":{"rendered":"<p>Los tonos turquesa emergen a trav\u00e9s de la silueta del \u00c1rbol de la Vida, entrelazada con mecanismos visibles. Concebido como anillo compacto de 16mm, la base de acero inoxidable es ajustable en di\u00e1metro, permitiendo un uso vers\u00e1til con est\u00e9tica steampunk marcada.<\/p>\n","protected":false},"featured_media":885,"comment_status":"open","ping_status":"closed","template":"","meta":[],"product_brand":[],"product_cat":[282],"product_tag":[],"class_list":{"0":"post-887","1":"product","2":"type-product","3":"status-publish","4":"has-post-thumbnail","6":"product_cat-anillos","7":"pa_charm-arbol-de-la-vida","8":"pa_charm-naturaleza","9":"pa_color-turquesa","10":"pa_size-16mm","12":"first","13":"instock","14":"taxable","15":"shipping-taxable","16":"purchasable","17":"product-type-simple"},"_links":{"self":[{"href":"https:\/\/artaora.com\/es\/wp-json\/wp\/v2\/product\/887","targetHints":{"allow":["GET"]}}],"collection":[{"href":"https:\/\/artaora.com\/es\/wp-json\/wp\/v2\/product"}],"about":[{"href":"https:\/\/artaora.com\/es\/wp-json\/wp\/v2\/types\/product"}],"replies":[{"embeddable":true,"href":"https:\/\/artaora.com\/es\/wp-json\/wp\/v2\/comments?post=887"}],"wp:featuredmedia":[{"embeddable":true,"href":"https:\/\/artaora.com\/es\/wp-json\/wp\/v2\/media\/885"}],"wp:attachment":[{"href":"https:\/\/artaora.com\/es\/wp-json\/wp\/v2\/media?parent=887"}],"wp:term":[{"taxonomy":"product_brand","embeddable":true,"href":"https:\/\/artaora.com\/es\/wp-json\/wp\/v2\/product_brand?post=887"},{"taxonomy":"product_cat","embeddable":true,"href":"https:\/\/artaora.com\/es\/wp-json\/wp\/v2\/product_cat?post=887"},{"taxonomy":"product_tag","embeddable":true,"href":"https:\/\/artaora.com\/es\/wp-json\/wp\/v2\/product_tag?post=887"}],"curies":[{"name":"wp","href":"https:\/\/api.w.org\/{rel}","templated":true}]}}