{"id":891,"date":"2026-03-01T12:22:25","date_gmt":"2026-03-01T12:22:25","guid":{"rendered":"https:\/\/artaora.com\/product\/anillo-mecanico-ajustable-verde-arbol-de-la-vida\/"},"modified":"2026-03-01T13:53:34","modified_gmt":"2026-03-01T13:53:34","slug":"anillo-mecanico-ajustable-verde-arbol-de-la-vida","status":"publish","type":"product","link":"https:\/\/artaora.com\/es\/producto\/anillo-mecanico-ajustable-verde-arbol-de-la-vida\/","title":{"rendered":"Anillo mec\u00e1nico ajustable verde \u00c1rbol de la Vida"},"content":{"rendered":"<p>Una base verde pintada sostiene el motivo del \u00c1rbol de la Vida, combinado con engranajes reciclados que aportan profundidad bajo resina. Este anillo steampunk ajustable une simbolismo natural y textura mec\u00e1nica, con banda de acero inoxidable de di\u00e1metro adaptable.<\/p>\n","protected":false},"excerpt":{"rendered":"<p>Una base verde pintada sostiene el motivo del \u00c1rbol de la Vida, combinado con engranajes reciclados que aportan profundidad bajo resina. Este anillo steampunk ajustable une simbolismo natural y textura mec\u00e1nica, con banda de acero inoxidable de di\u00e1metro adaptable.<\/p>\n","protected":false},"featured_media":889,"comment_status":"open","ping_status":"closed","template":"","meta":[],"product_brand":[],"product_cat":[282],"product_tag":[],"class_list":{"0":"post-891","1":"product","2":"type-product","3":"status-publish","4":"has-post-thumbnail","6":"product_cat-anillos","7":"pa_charm-arbol-de-la-vida","8":"pa_charm-naturaleza","9":"pa_color-verde","10":"pa_size-16mm","12":"first","13":"instock","14":"taxable","15":"shipping-taxable","16":"purchasable","17":"product-type-simple"},"_links":{"self":[{"href":"https:\/\/artaora.com\/es\/wp-json\/wp\/v2\/product\/891","targetHints":{"allow":["GET"]}}],"collection":[{"href":"https:\/\/artaora.com\/es\/wp-json\/wp\/v2\/product"}],"about":[{"href":"https:\/\/artaora.com\/es\/wp-json\/wp\/v2\/types\/product"}],"replies":[{"embeddable":true,"href":"https:\/\/artaora.com\/es\/wp-json\/wp\/v2\/comments?post=891"}],"wp:featuredmedia":[{"embeddable":true,"href":"https:\/\/artaora.com\/es\/wp-json\/wp\/v2\/media\/889"}],"wp:attachment":[{"href":"https:\/\/artaora.com\/es\/wp-json\/wp\/v2\/media?parent=891"}],"wp:term":[{"taxonomy":"product_brand","embeddable":true,"href":"https:\/\/artaora.com\/es\/wp-json\/wp\/v2\/product_brand?post=891"},{"taxonomy":"product_cat","embeddable":true,"href":"https:\/\/artaora.com\/es\/wp-json\/wp\/v2\/product_cat?post=891"},{"taxonomy":"product_tag","embeddable":true,"href":"https:\/\/artaora.com\/es\/wp-json\/wp\/v2\/product_tag?post=891"}],"curies":[{"name":"wp","href":"https:\/\/api.w.org\/{rel}","templated":true}]}}