{"id":895,"date":"2026-03-01T12:22:27","date_gmt":"2026-03-01T12:22:27","guid":{"rendered":"https:\/\/artaora.com\/product\/anillo-ajustable-azul-de-capas-mecanicas\/"},"modified":"2026-03-01T13:53:35","modified_gmt":"2026-03-01T13:53:35","slug":"anillo-ajustable-azul-de-capas-mecanicas","status":"publish","type":"product","link":"https:\/\/artaora.com\/es\/producto\/anillo-ajustable-azul-de-capas-mecanicas\/","title":{"rendered":"Anillo ajustable azul de capas mec\u00e1nicas"},"content":{"rendered":"<p>Tonos azules fr\u00edos sirven de fondo para componentes de reloj superpuestos en una composici\u00f3n estructurada. Encapsulado bajo resina, este anillo artesanal destaca el equilibrio mec\u00e1nico, y la banda de acero inoxidable permite ajustar el di\u00e1metro seg\u00fan necesidad.<\/p>\n","protected":false},"excerpt":{"rendered":"<p>Tonos azules fr\u00edos sirven de fondo para componentes de reloj superpuestos en una composici\u00f3n estructurada. Encapsulado bajo resina, este anillo artesanal destaca el equilibrio mec\u00e1nico, y la banda de acero inoxidable permite ajustar el di\u00e1metro seg\u00fan necesidad.<\/p>\n","protected":false},"featured_media":893,"comment_status":"open","ping_status":"closed","template":"","meta":[],"product_brand":[],"product_cat":[282],"product_tag":[],"class_list":{"0":"post-895","1":"product","2":"type-product","3":"status-publish","4":"has-post-thumbnail","6":"product_cat-anillos","7":"pa_charm-solo-piezas-de-reloj","8":"pa_color-azul","9":"pa_size-16mm","11":"first","12":"instock","13":"taxable","14":"shipping-taxable","15":"purchasable","16":"product-type-simple"},"_links":{"self":[{"href":"https:\/\/artaora.com\/es\/wp-json\/wp\/v2\/product\/895","targetHints":{"allow":["GET"]}}],"collection":[{"href":"https:\/\/artaora.com\/es\/wp-json\/wp\/v2\/product"}],"about":[{"href":"https:\/\/artaora.com\/es\/wp-json\/wp\/v2\/types\/product"}],"replies":[{"embeddable":true,"href":"https:\/\/artaora.com\/es\/wp-json\/wp\/v2\/comments?post=895"}],"wp:featuredmedia":[{"embeddable":true,"href":"https:\/\/artaora.com\/es\/wp-json\/wp\/v2\/media\/893"}],"wp:attachment":[{"href":"https:\/\/artaora.com\/es\/wp-json\/wp\/v2\/media?parent=895"}],"wp:term":[{"taxonomy":"product_brand","embeddable":true,"href":"https:\/\/artaora.com\/es\/wp-json\/wp\/v2\/product_brand?post=895"},{"taxonomy":"product_cat","embeddable":true,"href":"https:\/\/artaora.com\/es\/wp-json\/wp\/v2\/product_cat?post=895"},{"taxonomy":"product_tag","embeddable":true,"href":"https:\/\/artaora.com\/es\/wp-json\/wp\/v2\/product_tag?post=895"}],"curies":[{"name":"wp","href":"https:\/\/api.w.org\/{rel}","templated":true}]}}