{"id":903,"date":"2026-03-01T12:22:30","date_gmt":"2026-03-01T12:22:30","guid":{"rendered":"https:\/\/artaora.com\/product\/anillo-ajustable-morado-con-capas-de-engranajes\/"},"modified":"2026-03-01T13:53:36","modified_gmt":"2026-03-01T13:53:36","slug":"anillo-ajustable-morado-con-capas-de-engranajes","status":"publish","type":"product","link":"https:\/\/artaora.com\/es\/producto\/anillo-ajustable-morado-con-capas-de-engranajes\/","title":{"rendered":"Anillo ajustable morado con capas de engranajes"},"content":{"rendered":"<p>Una base morada suavizada aporta profundidad bajo una disposici\u00f3n estructurada de mecanismos de reloj reciclados. El sellado en resina protege la composici\u00f3n en capas, y la banda de acero inoxidable permite ajustar el di\u00e1metro para mayor versatilidad.<\/p>\n","protected":false},"excerpt":{"rendered":"<p>Una base morada suavizada aporta profundidad bajo una disposici\u00f3n estructurada de mecanismos de reloj reciclados. El sellado en resina protege la composici\u00f3n en capas, y la banda de acero inoxidable permite ajustar el di\u00e1metro para mayor versatilidad.<\/p>\n","protected":false},"featured_media":901,"comment_status":"open","ping_status":"closed","template":"","meta":[],"product_brand":[],"product_cat":[282],"product_tag":[],"class_list":{"0":"post-903","1":"product","2":"type-product","3":"status-publish","4":"has-post-thumbnail","6":"product_cat-anillos","7":"pa_charm-solo-piezas-de-reloj","8":"pa_color-purpura","9":"pa_size-16mm","11":"first","12":"instock","13":"taxable","14":"shipping-taxable","15":"purchasable","16":"product-type-simple"},"_links":{"self":[{"href":"https:\/\/artaora.com\/es\/wp-json\/wp\/v2\/product\/903","targetHints":{"allow":["GET"]}}],"collection":[{"href":"https:\/\/artaora.com\/es\/wp-json\/wp\/v2\/product"}],"about":[{"href":"https:\/\/artaora.com\/es\/wp-json\/wp\/v2\/types\/product"}],"replies":[{"embeddable":true,"href":"https:\/\/artaora.com\/es\/wp-json\/wp\/v2\/comments?post=903"}],"wp:featuredmedia":[{"embeddable":true,"href":"https:\/\/artaora.com\/es\/wp-json\/wp\/v2\/media\/901"}],"wp:attachment":[{"href":"https:\/\/artaora.com\/es\/wp-json\/wp\/v2\/media?parent=903"}],"wp:term":[{"taxonomy":"product_brand","embeddable":true,"href":"https:\/\/artaora.com\/es\/wp-json\/wp\/v2\/product_brand?post=903"},{"taxonomy":"product_cat","embeddable":true,"href":"https:\/\/artaora.com\/es\/wp-json\/wp\/v2\/product_cat?post=903"},{"taxonomy":"product_tag","embeddable":true,"href":"https:\/\/artaora.com\/es\/wp-json\/wp\/v2\/product_tag?post=903"}],"curies":[{"name":"wp","href":"https:\/\/api.w.org\/{rel}","templated":true}]}}