{"id":915,"date":"2026-03-01T12:22:39","date_gmt":"2026-03-01T12:22:39","guid":{"rendered":"https:\/\/artaora.com\/product\/anillo-ajustable-blanco-con-composicion-de-engranajes-vintage\/"},"modified":"2026-03-01T13:53:37","modified_gmt":"2026-03-01T13:53:37","slug":"anillo-ajustable-blanco-con-composicion-de-engranajes-vintage","status":"publish","type":"product","link":"https:\/\/artaora.com\/es\/producto\/anillo-ajustable-blanco-con-composicion-de-engranajes-vintage\/","title":{"rendered":"Anillo ajustable blanco con composici\u00f3n de engranajes vintage"},"content":{"rendered":"<p>Una base blanca pintada resalta los componentes mec\u00e1nicos en capas dispuestos en una composici\u00f3n vintage asim\u00e9trica. Sellado bajo resina, este anillo ajustable combina contraste limpio con piezas de reloj recicladas, y la banda de acero inoxidable permite ajustar el di\u00e1metro.<\/p>\n","protected":false},"excerpt":{"rendered":"<p>Una base blanca pintada resalta los componentes mec\u00e1nicos en capas dispuestos en una composici\u00f3n vintage asim\u00e9trica. Sellado bajo resina, este anillo ajustable combina contraste limpio con piezas de reloj recicladas, y la banda de acero inoxidable permite ajustar el di\u00e1metro.<\/p>\n","protected":false},"featured_media":913,"comment_status":"open","ping_status":"closed","template":"","meta":[],"product_brand":[],"product_cat":[282],"product_tag":[],"class_list":{"0":"post-915","1":"product","2":"type-product","3":"status-publish","4":"has-post-thumbnail","6":"product_cat-anillos","7":"pa_charm-solo-piezas-de-reloj","8":"pa_color-blanco","9":"pa_size-16mm","11":"first","12":"instock","13":"taxable","14":"shipping-taxable","15":"purchasable","16":"product-type-simple"},"_links":{"self":[{"href":"https:\/\/artaora.com\/es\/wp-json\/wp\/v2\/product\/915","targetHints":{"allow":["GET"]}}],"collection":[{"href":"https:\/\/artaora.com\/es\/wp-json\/wp\/v2\/product"}],"about":[{"href":"https:\/\/artaora.com\/es\/wp-json\/wp\/v2\/types\/product"}],"replies":[{"embeddable":true,"href":"https:\/\/artaora.com\/es\/wp-json\/wp\/v2\/comments?post=915"}],"wp:featuredmedia":[{"embeddable":true,"href":"https:\/\/artaora.com\/es\/wp-json\/wp\/v2\/media\/913"}],"wp:attachment":[{"href":"https:\/\/artaora.com\/es\/wp-json\/wp\/v2\/media?parent=915"}],"wp:term":[{"taxonomy":"product_brand","embeddable":true,"href":"https:\/\/artaora.com\/es\/wp-json\/wp\/v2\/product_brand?post=915"},{"taxonomy":"product_cat","embeddable":true,"href":"https:\/\/artaora.com\/es\/wp-json\/wp\/v2\/product_cat?post=915"},{"taxonomy":"product_tag","embeddable":true,"href":"https:\/\/artaora.com\/es\/wp-json\/wp\/v2\/product_tag?post=915"}],"curies":[{"name":"wp","href":"https:\/\/api.w.org\/{rel}","templated":true}]}}