{"id":919,"date":"2026-03-01T12:22:42","date_gmt":"2026-03-01T12:22:42","guid":{"rendered":"https:\/\/artaora.com\/product\/anillo-ajustable-verde-intenso-con-mecanismo-visible\/"},"modified":"2026-03-01T13:53:38","modified_gmt":"2026-03-01T13:53:38","slug":"anillo-ajustable-verde-intenso-con-mecanismo-visible","status":"publish","type":"product","link":"https:\/\/artaora.com\/es\/producto\/anillo-ajustable-verde-intenso-con-mecanismo-visible\/","title":{"rendered":"Anillo ajustable verde intenso con mecanismo visible"},"content":{"rendered":"<p>El verde saturado aporta una base intensa para una disposici\u00f3n compacta de engranajes reciclados colocados en diagonal. Encapsulado en resina, este anillo mec\u00e1nico artesanal incorpora una banda de acero inoxidable ajustable que permite ampliar o reducir el di\u00e1metro para un ajuste preciso.<\/p>\n","protected":false},"excerpt":{"rendered":"<p>El verde saturado aporta una base intensa para una disposici\u00f3n compacta de engranajes reciclados colocados en diagonal. Encapsulado en resina, este anillo mec\u00e1nico artesanal incorpora una banda de acero inoxidable ajustable que permite ampliar o reducir el di\u00e1metro para un ajuste preciso.<\/p>\n","protected":false},"featured_media":917,"comment_status":"open","ping_status":"closed","template":"","meta":[],"product_brand":[],"product_cat":[282],"product_tag":[],"class_list":{"0":"post-919","1":"product","2":"type-product","3":"status-publish","4":"has-post-thumbnail","6":"product_cat-anillos","7":"pa_charm-solo-piezas-de-reloj","8":"pa_color-verde","9":"pa_size-16mm","11":"first","12":"instock","13":"taxable","14":"shipping-taxable","15":"purchasable","16":"product-type-simple"},"_links":{"self":[{"href":"https:\/\/artaora.com\/es\/wp-json\/wp\/v2\/product\/919","targetHints":{"allow":["GET"]}}],"collection":[{"href":"https:\/\/artaora.com\/es\/wp-json\/wp\/v2\/product"}],"about":[{"href":"https:\/\/artaora.com\/es\/wp-json\/wp\/v2\/types\/product"}],"replies":[{"embeddable":true,"href":"https:\/\/artaora.com\/es\/wp-json\/wp\/v2\/comments?post=919"}],"wp:featuredmedia":[{"embeddable":true,"href":"https:\/\/artaora.com\/es\/wp-json\/wp\/v2\/media\/917"}],"wp:attachment":[{"href":"https:\/\/artaora.com\/es\/wp-json\/wp\/v2\/media?parent=919"}],"wp:term":[{"taxonomy":"product_brand","embeddable":true,"href":"https:\/\/artaora.com\/es\/wp-json\/wp\/v2\/product_brand?post=919"},{"taxonomy":"product_cat","embeddable":true,"href":"https:\/\/artaora.com\/es\/wp-json\/wp\/v2\/product_cat?post=919"},{"taxonomy":"product_tag","embeddable":true,"href":"https:\/\/artaora.com\/es\/wp-json\/wp\/v2\/product_tag?post=919"}],"curies":[{"name":"wp","href":"https:\/\/api.w.org\/{rel}","templated":true}]}}