{"id":999,"date":"2026-03-01T12:23:19","date_gmt":"2026-03-01T12:23:19","guid":{"rendered":"https:\/\/artaora.com\/product\/anillo-industrial-azul-con-rueda-mecanica-en-resina\/"},"modified":"2026-03-01T13:53:48","modified_gmt":"2026-03-01T13:53:48","slug":"anillo-industrial-azul-con-rueda-mecanica-en-resina","status":"publish","type":"product","link":"https:\/\/artaora.com\/es\/producto\/anillo-industrial-azul-con-rueda-mecanica-en-resina\/","title":{"rendered":"Anillo industrial azul con rueda mec\u00e1nica en resina"},"content":{"rendered":"<p>Piezas de reloj tipo rueda sobre base pintada en azul, selladas bajo resina para mantener el detalle mec\u00e1nico n\u00edtido. Anillo de acero inoxidable con di\u00e1metro ajustable. Palabra clave principal: joyer\u00eda con piezas de reloj recicladas.<\/p>\n","protected":false},"excerpt":{"rendered":"<p>Piezas de reloj tipo rueda sobre base pintada en azul, selladas bajo resina para mantener el detalle mec\u00e1nico n\u00edtido. Anillo de acero inoxidable con di\u00e1metro ajustable. Palabra clave principal: joyer\u00eda con piezas de reloj recicladas.<\/p>\n","protected":false},"featured_media":997,"comment_status":"open","ping_status":"closed","template":"","meta":[],"product_brand":[],"product_cat":[282],"product_tag":[],"class_list":{"0":"post-999","1":"product","2":"type-product","3":"status-publish","4":"has-post-thumbnail","6":"product_cat-anillos","7":"pa_charm-solo-piezas-de-reloj","8":"pa_color-azul","9":"pa_size-10mm","11":"first","12":"instock","13":"taxable","14":"shipping-taxable","15":"purchasable","16":"product-type-simple"},"_links":{"self":[{"href":"https:\/\/artaora.com\/es\/wp-json\/wp\/v2\/product\/999","targetHints":{"allow":["GET"]}}],"collection":[{"href":"https:\/\/artaora.com\/es\/wp-json\/wp\/v2\/product"}],"about":[{"href":"https:\/\/artaora.com\/es\/wp-json\/wp\/v2\/types\/product"}],"replies":[{"embeddable":true,"href":"https:\/\/artaora.com\/es\/wp-json\/wp\/v2\/comments?post=999"}],"wp:featuredmedia":[{"embeddable":true,"href":"https:\/\/artaora.com\/es\/wp-json\/wp\/v2\/media\/997"}],"wp:attachment":[{"href":"https:\/\/artaora.com\/es\/wp-json\/wp\/v2\/media?parent=999"}],"wp:term":[{"taxonomy":"product_brand","embeddable":true,"href":"https:\/\/artaora.com\/es\/wp-json\/wp\/v2\/product_brand?post=999"},{"taxonomy":"product_cat","embeddable":true,"href":"https:\/\/artaora.com\/es\/wp-json\/wp\/v2\/product_cat?post=999"},{"taxonomy":"product_tag","embeddable":true,"href":"https:\/\/artaora.com\/es\/wp-json\/wp\/v2\/product_tag?post=999"}],"curies":[{"name":"wp","href":"https:\/\/api.w.org\/{rel}","templated":true}]}}