{"id":1484,"date":"2026-03-28T11:01:26","date_gmt":"2026-03-28T11:01:26","guid":{"rendered":"https:\/\/artaora.com\/?page_id=1484"},"modified":"2026-03-28T11:02:29","modified_gmt":"2026-03-28T11:02:29","slug":"mentions-legales","status":"publish","type":"page","link":"https:\/\/artaora.com\/fr\/mentions-legales\/","title":{"rendered":"MENTIONS L\u00c9GALES"},"content":{"rendered":"<p>Conform\u00e9ment \u00e0 la loi espagnole 34\/2002 sur les services de la soci\u00e9t\u00e9 de l\u2019information et le commerce \u00e9lectronique, les informations l\u00e9gales suivantes sont fournies.<\/p>\n<p>Propri\u00e9taire du site web : ARTAORA<br \/>\nActivit\u00e9 : Vente en ligne de bijoux artisanaux, art mural, objets d\u00e9coratifs et produits fabriqu\u00e9s en partie \u00e0 partir de mat\u00e9riaux recycl\u00e9s.<br \/>\nEmail de contact : info@artaora.com<br \/>\nNum\u00e9ro d\u2019identification fiscale (NIF\/CIF) : Z0532810C<\/p>\n<p>Le but de ce site web est la vente en ligne de produits artisanaux et de cr\u00e9ations artistiques.<br \/>\nTout le contenu de ce site web, y compris les images, designs, logos, textes et graphiques, est prot\u00e9g\u00e9 par les droits de propri\u00e9t\u00e9 intellectuelle et ne peut \u00eatre reproduit, distribu\u00e9 ou utilis\u00e9 sans autorisation.<br \/>\nARTAORA n\u2019est pas responsable de la mauvaise utilisation du site, des interruptions de service, des erreurs techniques ou du contenu des liens externes.<\/p>\n<p>Ce site web est r\u00e9gi par la l\u00e9gislation espagnole.<\/p>\n","protected":false},"excerpt":{"rendered":"<p>Conform\u00e9ment \u00e0 la loi espagnole 34\/2002 sur les services de la soci\u00e9t\u00e9 de l\u2019information et le commerce \u00e9lectronique, les informations l\u00e9gales suivantes sont fournies. Propri\u00e9taire du site web : ARTAORA Activit\u00e9 : Vente en ligne de bijoux artisanaux, art mural, objets d\u00e9coratifs et produits fabriqu\u00e9s en partie \u00e0 partir de mat\u00e9riaux recycl\u00e9s. Email de contact [&hellip;]<\/p>\n","protected":false},"author":1,"featured_media":0,"parent":0,"menu_order":0,"comment_status":"closed","ping_status":"closed","template":"","meta":{"footnotes":""},"class_list":["post-1484","page","type-page","status-publish","hentry"],"_links":{"self":[{"href":"https:\/\/artaora.com\/fr\/wp-json\/wp\/v2\/pages\/1484","targetHints":{"allow":["GET"]}}],"collection":[{"href":"https:\/\/artaora.com\/fr\/wp-json\/wp\/v2\/pages"}],"about":[{"href":"https:\/\/artaora.com\/fr\/wp-json\/wp\/v2\/types\/page"}],"author":[{"embeddable":true,"href":"https:\/\/artaora.com\/fr\/wp-json\/wp\/v2\/users\/1"}],"replies":[{"embeddable":true,"href":"https:\/\/artaora.com\/fr\/wp-json\/wp\/v2\/comments?post=1484"}],"version-history":[{"count":2,"href":"https:\/\/artaora.com\/fr\/wp-json\/wp\/v2\/pages\/1484\/revisions"}],"predecessor-version":[{"id":1486,"href":"https:\/\/artaora.com\/fr\/wp-json\/wp\/v2\/pages\/1484\/revisions\/1486"}],"wp:attachment":[{"href":"https:\/\/artaora.com\/fr\/wp-json\/wp\/v2\/media?parent=1484"}],"curies":[{"name":"wp","href":"https:\/\/api.w.org\/{rel}","templated":true}]}}