{"id":1004,"date":"2026-03-01T12:23:23","date_gmt":"2026-03-01T12:23:23","guid":{"rendered":"https:\/\/artaora.com\/product\/bague-steampunk-orange-mecanique-en-resine\/"},"modified":"2026-03-01T13:53:49","modified_gmt":"2026-03-01T13:53:49","slug":"bague-steampunk-orange-mecanique-en-resine","status":"publish","type":"product","link":"https:\/\/artaora.com\/fr\/produit\/bague-steampunk-orange-mecanique-en-resine\/","title":{"rendered":"Bague steampunk orange m\u00e9canique en r\u00e9sine"},"content":{"rendered":"<p>L\u2019orange r\u00e9chauffe la composition industrielle, avec engrenages encapsul\u00e9s sous r\u00e9sine pour une finition nette. Base en acier inoxydable et diam\u00e8tre ajustable pour le confort. Mot-cl\u00e9 principal : bague steampunk en r\u00e9sine.<\/p>\n","protected":false},"excerpt":{"rendered":"<p>L\u2019orange r\u00e9chauffe la composition industrielle, avec engrenages encapsul\u00e9s sous r\u00e9sine pour une finition nette. Base en acier inoxydable et diam\u00e8tre ajustable pour le confort. Mot-cl\u00e9 principal : bague steampunk en r\u00e9sine.<\/p>\n","protected":false},"featured_media":1001,"comment_status":"open","ping_status":"closed","template":"","meta":[],"product_brand":[],"product_cat":[283],"product_tag":[],"class_list":{"0":"post-1004","1":"product","2":"type-product","3":"status-publish","4":"has-post-thumbnail","6":"product_cat-bagues","7":"pa_charm-pieces-de-montre-uniquement","8":"pa_color-orange","9":"pa_size-10mm","11":"first","12":"instock","13":"taxable","14":"shipping-taxable","15":"purchasable","16":"product-type-simple"},"_links":{"self":[{"href":"https:\/\/artaora.com\/fr\/wp-json\/wp\/v2\/product\/1004","targetHints":{"allow":["GET"]}}],"collection":[{"href":"https:\/\/artaora.com\/fr\/wp-json\/wp\/v2\/product"}],"about":[{"href":"https:\/\/artaora.com\/fr\/wp-json\/wp\/v2\/types\/product"}],"replies":[{"embeddable":true,"href":"https:\/\/artaora.com\/fr\/wp-json\/wp\/v2\/comments?post=1004"}],"wp:featuredmedia":[{"embeddable":true,"href":"https:\/\/artaora.com\/fr\/wp-json\/wp\/v2\/media\/1001"}],"wp:attachment":[{"href":"https:\/\/artaora.com\/fr\/wp-json\/wp\/v2\/media?parent=1004"}],"wp:term":[{"taxonomy":"product_brand","embeddable":true,"href":"https:\/\/artaora.com\/fr\/wp-json\/wp\/v2\/product_brand?post=1004"},{"taxonomy":"product_cat","embeddable":true,"href":"https:\/\/artaora.com\/fr\/wp-json\/wp\/v2\/product_cat?post=1004"},{"taxonomy":"product_tag","embeddable":true,"href":"https:\/\/artaora.com\/fr\/wp-json\/wp\/v2\/product_tag?post=1004"}],"curies":[{"name":"wp","href":"https:\/\/api.w.org\/{rel}","templated":true}]}}