{"id":1008,"date":"2026-03-01T12:23:25","date_gmt":"2026-03-01T12:23:25","guid":{"rendered":"https:\/\/artaora.com\/product\/bague-artistique-industrielle-rouge-avec-engrenage\/"},"modified":"2026-03-01T13:53:49","modified_gmt":"2026-03-01T13:53:49","slug":"bague-artistique-industrielle-rouge-avec-engrenage","status":"publish","type":"product","link":"https:\/\/artaora.com\/fr\/produit\/bague-artistique-industrielle-rouge-avec-engrenage\/","title":{"rendered":"Bague artistique industrielle rouge avec engrenage"},"content":{"rendered":"<p>La base rouge met en avant le c\u0153ur m\u00e9canique et transforme des pi\u00e8ces d\u2019horlogerie r\u00e9cup\u00e9r\u00e9es en pi\u00e8ce forte. Bague en acier inoxydable ; diam\u00e8tre ajustable pour un r\u00e9glage rapide. Mot-cl\u00e9 principal : bijou industriel en r\u00e9sine.<\/p>\n","protected":false},"excerpt":{"rendered":"<p>La base rouge met en avant le c\u0153ur m\u00e9canique et transforme des pi\u00e8ces d\u2019horlogerie r\u00e9cup\u00e9r\u00e9es en pi\u00e8ce forte. Bague en acier inoxydable ; diam\u00e8tre ajustable pour un r\u00e9glage rapide. Mot-cl\u00e9 principal : bijou industriel en r\u00e9sine.<\/p>\n","protected":false},"featured_media":1005,"comment_status":"open","ping_status":"closed","template":"","meta":[],"product_brand":[],"product_cat":[283],"product_tag":[],"class_list":{"0":"post-1008","1":"product","2":"type-product","3":"status-publish","4":"has-post-thumbnail","6":"product_cat-bagues","7":"pa_charm-pieces-de-montre-uniquement","8":"pa_color-rouge","9":"pa_size-10mm","11":"first","12":"instock","13":"taxable","14":"shipping-taxable","15":"purchasable","16":"product-type-simple"},"_links":{"self":[{"href":"https:\/\/artaora.com\/fr\/wp-json\/wp\/v2\/product\/1008","targetHints":{"allow":["GET"]}}],"collection":[{"href":"https:\/\/artaora.com\/fr\/wp-json\/wp\/v2\/product"}],"about":[{"href":"https:\/\/artaora.com\/fr\/wp-json\/wp\/v2\/types\/product"}],"replies":[{"embeddable":true,"href":"https:\/\/artaora.com\/fr\/wp-json\/wp\/v2\/comments?post=1008"}],"wp:featuredmedia":[{"embeddable":true,"href":"https:\/\/artaora.com\/fr\/wp-json\/wp\/v2\/media\/1005"}],"wp:attachment":[{"href":"https:\/\/artaora.com\/fr\/wp-json\/wp\/v2\/media?parent=1008"}],"wp:term":[{"taxonomy":"product_brand","embeddable":true,"href":"https:\/\/artaora.com\/fr\/wp-json\/wp\/v2\/product_brand?post=1008"},{"taxonomy":"product_cat","embeddable":true,"href":"https:\/\/artaora.com\/fr\/wp-json\/wp\/v2\/product_cat?post=1008"},{"taxonomy":"product_tag","embeddable":true,"href":"https:\/\/artaora.com\/fr\/wp-json\/wp\/v2\/product_tag?post=1008"}],"curies":[{"name":"wp","href":"https:\/\/api.w.org\/{rel}","templated":true}]}}