{"id":1012,"date":"2026-03-01T12:23:30","date_gmt":"2026-03-01T12:23:30","guid":{"rendered":"https:\/\/artaora.com\/product\/bague-industrielle-bleue-avec-engrenage-en-resine\/"},"modified":"2026-03-01T13:53:50","modified_gmt":"2026-03-01T13:53:50","slug":"bague-industrielle-bleue-avec-engrenage-en-resine","status":"publish","type":"product","link":"https:\/\/artaora.com\/fr\/produit\/bague-industrielle-bleue-avec-engrenage-en-resine\/","title":{"rendered":"Bague industrielle bleue avec engrenage en r\u00e9sine"},"content":{"rendered":"<p>Bleu et engrenage dor\u00e9 cr\u00e9ent un contraste net sous r\u00e9sine, en conservant les d\u00e9tails visibles et prot\u00e9g\u00e9s. Fabrication en acier inoxydable avec diam\u00e8tre ajustable. Mot-cl\u00e9 principal : bague industrielle artisanale.<\/p>\n","protected":false},"excerpt":{"rendered":"<p>Bleu et engrenage dor\u00e9 cr\u00e9ent un contraste net sous r\u00e9sine, en conservant les d\u00e9tails visibles et prot\u00e9g\u00e9s. Fabrication en acier inoxydable avec diam\u00e8tre ajustable. Mot-cl\u00e9 principal : bague industrielle artisanale.<\/p>\n","protected":false},"featured_media":1009,"comment_status":"open","ping_status":"closed","template":"","meta":[],"product_brand":[],"product_cat":[283],"product_tag":[],"class_list":{"0":"post-1012","1":"product","2":"type-product","3":"status-publish","4":"has-post-thumbnail","6":"product_cat-bagues","7":"pa_charm-pieces-de-montre-uniquement","8":"pa_color-bleu","9":"pa_size-10mm","11":"first","12":"instock","13":"taxable","14":"shipping-taxable","15":"purchasable","16":"product-type-simple"},"_links":{"self":[{"href":"https:\/\/artaora.com\/fr\/wp-json\/wp\/v2\/product\/1012","targetHints":{"allow":["GET"]}}],"collection":[{"href":"https:\/\/artaora.com\/fr\/wp-json\/wp\/v2\/product"}],"about":[{"href":"https:\/\/artaora.com\/fr\/wp-json\/wp\/v2\/types\/product"}],"replies":[{"embeddable":true,"href":"https:\/\/artaora.com\/fr\/wp-json\/wp\/v2\/comments?post=1012"}],"wp:featuredmedia":[{"embeddable":true,"href":"https:\/\/artaora.com\/fr\/wp-json\/wp\/v2\/media\/1009"}],"wp:attachment":[{"href":"https:\/\/artaora.com\/fr\/wp-json\/wp\/v2\/media?parent=1012"}],"wp:term":[{"taxonomy":"product_brand","embeddable":true,"href":"https:\/\/artaora.com\/fr\/wp-json\/wp\/v2\/product_brand?post=1012"},{"taxonomy":"product_cat","embeddable":true,"href":"https:\/\/artaora.com\/fr\/wp-json\/wp\/v2\/product_cat?post=1012"},{"taxonomy":"product_tag","embeddable":true,"href":"https:\/\/artaora.com\/fr\/wp-json\/wp\/v2\/product_tag?post=1012"}],"curies":[{"name":"wp","href":"https:\/\/api.w.org\/{rel}","templated":true}]}}