{"id":1016,"date":"2026-03-01T12:23:31","date_gmt":"2026-03-01T12:23:31","guid":{"rendered":"https:\/\/artaora.com\/product\/bague-steampunk-verte-mecanique-en-resine\/"},"modified":"2026-03-01T13:53:50","modified_gmt":"2026-03-01T13:53:50","slug":"bague-steampunk-verte-mecanique-en-resine","status":"publish","type":"product","link":"https:\/\/artaora.com\/fr\/produit\/bague-steampunk-verte-mecanique-en-resine\/","title":{"rendered":"Bague steampunk verte m\u00e9canique en r\u00e9sine"},"content":{"rendered":"<p>Des composants concentriques cr\u00e9ent de la profondeur sur une base verte, puis sont scell\u00e9s sous r\u00e9sine pour une clart\u00e9 durable. Bague en acier inoxydable \u00e0 diam\u00e8tre ajustable. Mot-cl\u00e9 principal : bague en pi\u00e8ces d\u2019horlogerie recycl\u00e9es.<\/p>\n","protected":false},"excerpt":{"rendered":"<p>Des composants concentriques cr\u00e9ent de la profondeur sur une base verte, puis sont scell\u00e9s sous r\u00e9sine pour une clart\u00e9 durable. Bague en acier inoxydable \u00e0 diam\u00e8tre ajustable. Mot-cl\u00e9 principal : bague en pi\u00e8ces d\u2019horlogerie recycl\u00e9es.<\/p>\n","protected":false},"featured_media":1013,"comment_status":"open","ping_status":"closed","template":"","meta":[],"product_brand":[],"product_cat":[283],"product_tag":[],"class_list":{"0":"post-1016","1":"product","2":"type-product","3":"status-publish","4":"has-post-thumbnail","6":"product_cat-bagues","7":"pa_charm-pieces-de-montre-uniquement","8":"pa_color-vert","9":"pa_size-10mm","11":"first","12":"instock","13":"taxable","14":"shipping-taxable","15":"purchasable","16":"product-type-simple"},"_links":{"self":[{"href":"https:\/\/artaora.com\/fr\/wp-json\/wp\/v2\/product\/1016","targetHints":{"allow":["GET"]}}],"collection":[{"href":"https:\/\/artaora.com\/fr\/wp-json\/wp\/v2\/product"}],"about":[{"href":"https:\/\/artaora.com\/fr\/wp-json\/wp\/v2\/types\/product"}],"replies":[{"embeddable":true,"href":"https:\/\/artaora.com\/fr\/wp-json\/wp\/v2\/comments?post=1016"}],"wp:featuredmedia":[{"embeddable":true,"href":"https:\/\/artaora.com\/fr\/wp-json\/wp\/v2\/media\/1013"}],"wp:attachment":[{"href":"https:\/\/artaora.com\/fr\/wp-json\/wp\/v2\/media?parent=1016"}],"wp:term":[{"taxonomy":"product_brand","embeddable":true,"href":"https:\/\/artaora.com\/fr\/wp-json\/wp\/v2\/product_brand?post=1016"},{"taxonomy":"product_cat","embeddable":true,"href":"https:\/\/artaora.com\/fr\/wp-json\/wp\/v2\/product_cat?post=1016"},{"taxonomy":"product_tag","embeddable":true,"href":"https:\/\/artaora.com\/fr\/wp-json\/wp\/v2\/product_tag?post=1016"}],"curies":[{"name":"wp","href":"https:\/\/api.w.org\/{rel}","templated":true}]}}