{"id":1024,"date":"2026-03-01T12:23:38","date_gmt":"2026-03-01T12:23:38","guid":{"rendered":"https:\/\/artaora.com\/product\/bague-orange-a-engrenage-radial-en-resine\/"},"modified":"2026-03-01T13:53:51","modified_gmt":"2026-03-01T13:53:51","slug":"bague-orange-a-engrenage-radial-en-resine","status":"publish","type":"product","link":"https:\/\/artaora.com\/fr\/produit\/bague-orange-a-engrenage-radial-en-resine\/","title":{"rendered":"Bague orange \u00e0 engrenage radial en r\u00e9sine"},"content":{"rendered":"<p>Un motif m\u00e9canique radial sur base orange, avec c\u0153ur horloger prot\u00e9g\u00e9 sous r\u00e9sine. Bague en acier inoxydable ; diam\u00e8tre ajustable pour affiner la taille. Mot-cl\u00e9 principal : bague statement en r\u00e9sine.<\/p>\n","protected":false},"excerpt":{"rendered":"<p>Un motif m\u00e9canique radial sur base orange, avec c\u0153ur horloger prot\u00e9g\u00e9 sous r\u00e9sine. Bague en acier inoxydable ; diam\u00e8tre ajustable pour affiner la taille. Mot-cl\u00e9 principal : bague statement en r\u00e9sine.<\/p>\n","protected":false},"featured_media":1021,"comment_status":"open","ping_status":"closed","template":"","meta":[],"product_brand":[],"product_cat":[283],"product_tag":[],"class_list":{"0":"post-1024","1":"product","2":"type-product","3":"status-publish","4":"has-post-thumbnail","6":"product_cat-bagues","7":"pa_charm-pieces-de-montre-uniquement","8":"pa_color-orange","9":"pa_size-10mm","11":"first","12":"instock","13":"taxable","14":"shipping-taxable","15":"purchasable","16":"product-type-simple"},"_links":{"self":[{"href":"https:\/\/artaora.com\/fr\/wp-json\/wp\/v2\/product\/1024","targetHints":{"allow":["GET"]}}],"collection":[{"href":"https:\/\/artaora.com\/fr\/wp-json\/wp\/v2\/product"}],"about":[{"href":"https:\/\/artaora.com\/fr\/wp-json\/wp\/v2\/types\/product"}],"replies":[{"embeddable":true,"href":"https:\/\/artaora.com\/fr\/wp-json\/wp\/v2\/comments?post=1024"}],"wp:featuredmedia":[{"embeddable":true,"href":"https:\/\/artaora.com\/fr\/wp-json\/wp\/v2\/media\/1021"}],"wp:attachment":[{"href":"https:\/\/artaora.com\/fr\/wp-json\/wp\/v2\/media?parent=1024"}],"wp:term":[{"taxonomy":"product_brand","embeddable":true,"href":"https:\/\/artaora.com\/fr\/wp-json\/wp\/v2\/product_brand?post=1024"},{"taxonomy":"product_cat","embeddable":true,"href":"https:\/\/artaora.com\/fr\/wp-json\/wp\/v2\/product_cat?post=1024"},{"taxonomy":"product_tag","embeddable":true,"href":"https:\/\/artaora.com\/fr\/wp-json\/wp\/v2\/product_tag?post=1024"}],"curies":[{"name":"wp","href":"https:\/\/api.w.org\/{rel}","templated":true}]}}