{"id":1036,"date":"2026-03-01T12:23:48","date_gmt":"2026-03-01T12:23:48","guid":{"rendered":"https:\/\/artaora.com\/product\/bague-artistique-mecanique-violette-en-resine-2\/"},"modified":"2026-03-01T13:53:53","modified_gmt":"2026-03-01T13:53:53","slug":"bague-artistique-mecanique-violette-en-resine-2","status":"publish","type":"product","link":"https:\/\/artaora.com\/fr\/produit\/bague-artistique-mecanique-violette-en-resine-2\/","title":{"rendered":"Bague artistique m\u00e9canique violette en r\u00e9sine"},"content":{"rendered":"<p>Le violet domine, avec pi\u00e8ces horlog\u00e8res r\u00e9employ\u00e9es suspendues sous r\u00e9sine comme une vignette m\u00e9canique. Bague en acier inoxydable ; diam\u00e8tre ajustable selon la taille. Mot-cl\u00e9 principal : bague d\u2019art en r\u00e9sine.<\/p>\n","protected":false},"excerpt":{"rendered":"<p>Le violet domine, avec pi\u00e8ces horlog\u00e8res r\u00e9employ\u00e9es suspendues sous r\u00e9sine comme une vignette m\u00e9canique. Bague en acier inoxydable ; diam\u00e8tre ajustable selon la taille. Mot-cl\u00e9 principal : bague d\u2019art en r\u00e9sine.<\/p>\n","protected":false},"featured_media":1033,"comment_status":"open","ping_status":"closed","template":"","meta":[],"product_brand":[],"product_cat":[283],"product_tag":[],"class_list":{"0":"post-1036","1":"product","2":"type-product","3":"status-publish","4":"has-post-thumbnail","6":"product_cat-bagues","7":"pa_charm-pieces-de-montre-uniquement","8":"pa_color-violet","9":"pa_size-10mm","11":"first","12":"instock","13":"taxable","14":"shipping-taxable","15":"purchasable","16":"product-type-simple"},"_links":{"self":[{"href":"https:\/\/artaora.com\/fr\/wp-json\/wp\/v2\/product\/1036","targetHints":{"allow":["GET"]}}],"collection":[{"href":"https:\/\/artaora.com\/fr\/wp-json\/wp\/v2\/product"}],"about":[{"href":"https:\/\/artaora.com\/fr\/wp-json\/wp\/v2\/types\/product"}],"replies":[{"embeddable":true,"href":"https:\/\/artaora.com\/fr\/wp-json\/wp\/v2\/comments?post=1036"}],"wp:featuredmedia":[{"embeddable":true,"href":"https:\/\/artaora.com\/fr\/wp-json\/wp\/v2\/media\/1033"}],"wp:attachment":[{"href":"https:\/\/artaora.com\/fr\/wp-json\/wp\/v2\/media?parent=1036"}],"wp:term":[{"taxonomy":"product_brand","embeddable":true,"href":"https:\/\/artaora.com\/fr\/wp-json\/wp\/v2\/product_brand?post=1036"},{"taxonomy":"product_cat","embeddable":true,"href":"https:\/\/artaora.com\/fr\/wp-json\/wp\/v2\/product_cat?post=1036"},{"taxonomy":"product_tag","embeddable":true,"href":"https:\/\/artaora.com\/fr\/wp-json\/wp\/v2\/product_tag?post=1036"}],"curies":[{"name":"wp","href":"https:\/\/api.w.org\/{rel}","templated":true}]}}