{"id":1052,"date":"2026-03-01T12:23:58","date_gmt":"2026-03-01T12:23:58","guid":{"rendered":"https:\/\/artaora.com\/product\/bague-industrielle-orange-avec-roue-mecanique-en-resine\/"},"modified":"2026-03-01T13:53:55","modified_gmt":"2026-03-01T13:53:55","slug":"bague-industrielle-orange-avec-roue-mecanique-en-resine","status":"publish","type":"product","link":"https:\/\/artaora.com\/fr\/produit\/bague-industrielle-orange-avec-roue-mecanique-en-resine\/","title":{"rendered":"Bague industrielle orange avec roue m\u00e9canique en r\u00e9sine"},"content":{"rendered":"<p>La g\u00e9om\u00e9trie de roue industrielle ressort sur une base orange, scell\u00e9e sous r\u00e9sine pour une surface lisse et durable. Bague en acier inoxydable \u00e0 diam\u00e8tre ajustable. Mot-cl\u00e9 principal : bague industrielle artisanale.<\/p>\n","protected":false},"excerpt":{"rendered":"<p>La g\u00e9om\u00e9trie de roue industrielle ressort sur une base orange, scell\u00e9e sous r\u00e9sine pour une surface lisse et durable. Bague en acier inoxydable \u00e0 diam\u00e8tre ajustable. Mot-cl\u00e9 principal : bague industrielle artisanale.<\/p>\n","protected":false},"featured_media":1049,"comment_status":"open","ping_status":"closed","template":"","meta":[],"product_brand":[],"product_cat":[283],"product_tag":[],"class_list":{"0":"post-1052","1":"product","2":"type-product","3":"status-publish","4":"has-post-thumbnail","6":"product_cat-bagues","7":"pa_charm-pieces-de-montre-uniquement","8":"pa_color-orange","9":"pa_size-10mm","11":"first","12":"instock","13":"taxable","14":"shipping-taxable","15":"purchasable","16":"product-type-simple"},"_links":{"self":[{"href":"https:\/\/artaora.com\/fr\/wp-json\/wp\/v2\/product\/1052","targetHints":{"allow":["GET"]}}],"collection":[{"href":"https:\/\/artaora.com\/fr\/wp-json\/wp\/v2\/product"}],"about":[{"href":"https:\/\/artaora.com\/fr\/wp-json\/wp\/v2\/types\/product"}],"replies":[{"embeddable":true,"href":"https:\/\/artaora.com\/fr\/wp-json\/wp\/v2\/comments?post=1052"}],"wp:featuredmedia":[{"embeddable":true,"href":"https:\/\/artaora.com\/fr\/wp-json\/wp\/v2\/media\/1049"}],"wp:attachment":[{"href":"https:\/\/artaora.com\/fr\/wp-json\/wp\/v2\/media?parent=1052"}],"wp:term":[{"taxonomy":"product_brand","embeddable":true,"href":"https:\/\/artaora.com\/fr\/wp-json\/wp\/v2\/product_brand?post=1052"},{"taxonomy":"product_cat","embeddable":true,"href":"https:\/\/artaora.com\/fr\/wp-json\/wp\/v2\/product_cat?post=1052"},{"taxonomy":"product_tag","embeddable":true,"href":"https:\/\/artaora.com\/fr\/wp-json\/wp\/v2\/product_tag?post=1052"}],"curies":[{"name":"wp","href":"https:\/\/api.w.org\/{rel}","templated":true}]}}