{"id":1056,"date":"2026-03-01T12:24:02","date_gmt":"2026-03-01T12:24:02","guid":{"rendered":"https:\/\/artaora.com\/product\/bague-verte-mecanique-radiale-en-resine\/"},"modified":"2026-03-01T13:53:55","modified_gmt":"2026-03-01T13:53:55","slug":"bague-verte-mecanique-radiale-en-resine","status":"publish","type":"product","link":"https:\/\/artaora.com\/fr\/produit\/bague-verte-mecanique-radiale-en-resine\/","title":{"rendered":"Bague verte m\u00e9canique radiale en r\u00e9sine"},"content":{"rendered":"<p>Le vert et la disposition radiale donnent un rendu m\u00e9canique pr\u00e9cis, scell\u00e9 sous r\u00e9sine pour pr\u00e9server les lignes. Anneau en acier inoxydable ; diam\u00e8tre ajustable pour r\u00e9gler la taille. Mot-cl\u00e9 principal : bague m\u00e9canique en r\u00e9sine.<\/p>\n","protected":false},"excerpt":{"rendered":"<p>Le vert et la disposition radiale donnent un rendu m\u00e9canique pr\u00e9cis, scell\u00e9 sous r\u00e9sine pour pr\u00e9server les lignes. Anneau en acier inoxydable ; diam\u00e8tre ajustable pour r\u00e9gler la taille. Mot-cl\u00e9 principal : bague m\u00e9canique en r\u00e9sine.<\/p>\n","protected":false},"featured_media":1053,"comment_status":"open","ping_status":"closed","template":"","meta":[],"product_brand":[],"product_cat":[283],"product_tag":[],"class_list":{"0":"post-1056","1":"product","2":"type-product","3":"status-publish","4":"has-post-thumbnail","6":"product_cat-bagues","7":"pa_charm-pieces-de-montre-uniquement","8":"pa_color-vert","9":"pa_size-10mm","11":"first","12":"instock","13":"taxable","14":"shipping-taxable","15":"purchasable","16":"product-type-simple"},"_links":{"self":[{"href":"https:\/\/artaora.com\/fr\/wp-json\/wp\/v2\/product\/1056","targetHints":{"allow":["GET"]}}],"collection":[{"href":"https:\/\/artaora.com\/fr\/wp-json\/wp\/v2\/product"}],"about":[{"href":"https:\/\/artaora.com\/fr\/wp-json\/wp\/v2\/types\/product"}],"replies":[{"embeddable":true,"href":"https:\/\/artaora.com\/fr\/wp-json\/wp\/v2\/comments?post=1056"}],"wp:featuredmedia":[{"embeddable":true,"href":"https:\/\/artaora.com\/fr\/wp-json\/wp\/v2\/media\/1053"}],"wp:attachment":[{"href":"https:\/\/artaora.com\/fr\/wp-json\/wp\/v2\/media?parent=1056"}],"wp:term":[{"taxonomy":"product_brand","embeddable":true,"href":"https:\/\/artaora.com\/fr\/wp-json\/wp\/v2\/product_brand?post=1056"},{"taxonomy":"product_cat","embeddable":true,"href":"https:\/\/artaora.com\/fr\/wp-json\/wp\/v2\/product_cat?post=1056"},{"taxonomy":"product_tag","embeddable":true,"href":"https:\/\/artaora.com\/fr\/wp-json\/wp\/v2\/product_tag?post=1056"}],"curies":[{"name":"wp","href":"https:\/\/api.w.org\/{rel}","templated":true}]}}