{"id":1060,"date":"2026-03-01T12:24:04","date_gmt":"2026-03-01T12:24:04","guid":{"rendered":"https:\/\/artaora.com\/product\/bague-bleue-a-engrenage-de-precision-en-resine\/"},"modified":"2026-03-01T13:53:56","modified_gmt":"2026-03-01T13:53:56","slug":"bague-bleue-a-engrenage-de-precision-en-resine","status":"publish","type":"product","link":"https:\/\/artaora.com\/fr\/produit\/bague-bleue-a-engrenage-de-precision-en-resine\/","title":{"rendered":"Bague bleue \u00e0 engrenage de pr\u00e9cision en r\u00e9sine"},"content":{"rendered":"<p>Des pi\u00e8ces \u00e0 denture fine donnent une impression de pr\u00e9cision sur une base bleue, encapsul\u00e9es sous r\u00e9sine. Construction en acier inoxydable avec diam\u00e8tre ajustable. Mot-cl\u00e9 principal : bague engrenage de pr\u00e9cision.<\/p>\n","protected":false},"excerpt":{"rendered":"<p>Des pi\u00e8ces \u00e0 denture fine donnent une impression de pr\u00e9cision sur une base bleue, encapsul\u00e9es sous r\u00e9sine. Construction en acier inoxydable avec diam\u00e8tre ajustable. Mot-cl\u00e9 principal : bague engrenage de pr\u00e9cision.<\/p>\n","protected":false},"featured_media":1057,"comment_status":"open","ping_status":"closed","template":"","meta":[],"product_brand":[],"product_cat":[283],"product_tag":[],"class_list":{"0":"post-1060","1":"product","2":"type-product","3":"status-publish","4":"has-post-thumbnail","6":"product_cat-bagues","7":"pa_charm-pieces-de-montre-uniquement","8":"pa_color-bleu","9":"pa_size-10mm","11":"first","12":"instock","13":"taxable","14":"shipping-taxable","15":"purchasable","16":"product-type-simple"},"_links":{"self":[{"href":"https:\/\/artaora.com\/fr\/wp-json\/wp\/v2\/product\/1060","targetHints":{"allow":["GET"]}}],"collection":[{"href":"https:\/\/artaora.com\/fr\/wp-json\/wp\/v2\/product"}],"about":[{"href":"https:\/\/artaora.com\/fr\/wp-json\/wp\/v2\/types\/product"}],"replies":[{"embeddable":true,"href":"https:\/\/artaora.com\/fr\/wp-json\/wp\/v2\/comments?post=1060"}],"wp:featuredmedia":[{"embeddable":true,"href":"https:\/\/artaora.com\/fr\/wp-json\/wp\/v2\/media\/1057"}],"wp:attachment":[{"href":"https:\/\/artaora.com\/fr\/wp-json\/wp\/v2\/media?parent=1060"}],"wp:term":[{"taxonomy":"product_brand","embeddable":true,"href":"https:\/\/artaora.com\/fr\/wp-json\/wp\/v2\/product_brand?post=1060"},{"taxonomy":"product_cat","embeddable":true,"href":"https:\/\/artaora.com\/fr\/wp-json\/wp\/v2\/product_cat?post=1060"},{"taxonomy":"product_tag","embeddable":true,"href":"https:\/\/artaora.com\/fr\/wp-json\/wp\/v2\/product_tag?post=1060"}],"curies":[{"name":"wp","href":"https:\/\/api.w.org\/{rel}","templated":true}]}}