{"id":111,"date":"2026-03-01T12:06:36","date_gmt":"2026-03-01T12:06:36","guid":{"rendered":"https:\/\/artaora.com\/product\/pendentif-ampoule-multicolore-au-mecanisme-steampunk\/"},"modified":"2026-03-01T13:51:50","modified_gmt":"2026-03-01T13:51:50","slug":"pendentif-ampoule-multicolore-au-mecanisme-steampunk","status":"publish","type":"product","link":"https:\/\/artaora.com\/fr\/produit\/pendentif-ampoule-multicolore-au-mecanisme-steampunk\/","title":{"rendered":"Pendentif Ampoule Multicolore au M\u00e9canisme Steampunk"},"content":{"rendered":"<p>Des sections vibrantes jaune, orange, rose et vert d\u00e9finissent la base peinte de ce pendentif ampoule, cr\u00e9ant un fond contrast\u00e9. Le charm ampoule int\u00e8gre des composants de montre visibles, fusionnant symbolique d\u2019innovation et texture m\u00e9canique sous r\u00e9sine. Une pi\u00e8ce distinctive de bijou artistique industriel inspir\u00e9e par la cr\u00e9ativit\u00e9 et l\u2019ing\u00e9nierie.<\/p>\n","protected":false},"excerpt":{"rendered":"<p>Des sections vibrantes jaune, orange, rose et vert d\u00e9finissent la base peinte de ce pendentif ampoule, cr\u00e9ant un fond contrast\u00e9. Le charm ampoule int\u00e8gre des composants de montre visibles, fusionnant symbolique d\u2019innovation et texture m\u00e9canique sous r\u00e9sine. Une pi\u00e8ce distinctive de bijou artistique industriel inspir\u00e9e par la cr\u00e9ativit\u00e9 et l\u2019ing\u00e9nierie.<\/p>\n","protected":false},"featured_media":108,"comment_status":"open","ping_status":"closed","template":"","meta":[],"product_brand":[],"product_cat":[32,160],"product_tag":[],"class_list":{"0":"post-111","1":"product","2":"type-product","3":"status-publish","4":"has-post-thumbnail","6":"product_cat-pendentif","7":"product_cat-pendentifs","8":"pa_charm-ampoule","9":"pa_charm-objets","10":"pa_color-multicolore","11":"pa_size-33mm","13":"first","14":"instock","15":"taxable","16":"shipping-taxable","17":"purchasable","18":"product-type-simple"},"_links":{"self":[{"href":"https:\/\/artaora.com\/fr\/wp-json\/wp\/v2\/product\/111","targetHints":{"allow":["GET"]}}],"collection":[{"href":"https:\/\/artaora.com\/fr\/wp-json\/wp\/v2\/product"}],"about":[{"href":"https:\/\/artaora.com\/fr\/wp-json\/wp\/v2\/types\/product"}],"replies":[{"embeddable":true,"href":"https:\/\/artaora.com\/fr\/wp-json\/wp\/v2\/comments?post=111"}],"wp:featuredmedia":[{"embeddable":true,"href":"https:\/\/artaora.com\/fr\/wp-json\/wp\/v2\/media\/108"}],"wp:attachment":[{"href":"https:\/\/artaora.com\/fr\/wp-json\/wp\/v2\/media?parent=111"}],"wp:term":[{"taxonomy":"product_brand","embeddable":true,"href":"https:\/\/artaora.com\/fr\/wp-json\/wp\/v2\/product_brand?post=111"},{"taxonomy":"product_cat","embeddable":true,"href":"https:\/\/artaora.com\/fr\/wp-json\/wp\/v2\/product_cat?post=111"},{"taxonomy":"product_tag","embeddable":true,"href":"https:\/\/artaora.com\/fr\/wp-json\/wp\/v2\/product_tag?post=111"}],"curies":[{"name":"wp","href":"https:\/\/api.w.org\/{rel}","templated":true}]}}