{"id":136,"date":"2026-03-01T12:17:58","date_gmt":"2026-03-01T12:17:58","guid":{"rendered":"https:\/\/artaora.com\/product\/pendentif-cle-de-sol-bronze-style-mecanique\/"},"modified":"2026-03-01T13:51:53","modified_gmt":"2026-03-01T13:51:53","slug":"pendentif-cle-de-sol-bronze-style-mecanique","status":"publish","type":"product","link":"https:\/\/artaora.com\/fr\/produit\/pendentif-cle-de-sol-bronze-style-mecanique\/","title":{"rendered":"Pendentif Cl\u00e9 de Sol Bronze Style M\u00e9canique"},"content":{"rendered":"<p>Une base peinte en bronze soutient une cl\u00e9 de sol sculpt\u00e9e associ\u00e9e \u00e0 des m\u00e9canismes horlogers visibles. La composition \u00e9quilibr\u00e9e cr\u00e9e un pendentif \u00e0 th\u00e8me musical aux nuances industrielles. Ce pendentif artisanal en r\u00e9sine convient aux amateurs de bijoux musicaux \u00e0 profondeur m\u00e9canique.<\/p>\n","protected":false},"excerpt":{"rendered":"<p>Une base peinte en bronze soutient une cl\u00e9 de sol sculpt\u00e9e associ\u00e9e \u00e0 des m\u00e9canismes horlogers visibles. La composition \u00e9quilibr\u00e9e cr\u00e9e un pendentif \u00e0 th\u00e8me musical aux nuances industrielles. Ce pendentif artisanal en r\u00e9sine convient aux amateurs de bijoux musicaux \u00e0 profondeur m\u00e9canique.<\/p>\n","protected":false},"featured_media":133,"comment_status":"open","ping_status":"closed","template":"","meta":[],"product_brand":[],"product_cat":[32,160],"product_tag":[],"class_list":{"0":"post-136","1":"product","2":"type-product","3":"status-publish","4":"has-post-thumbnail","6":"product_cat-pendentif","7":"product_cat-pendentifs","8":"pa_charm-cle-de-sol","9":"pa_charm-musique","10":"pa_color-bronze","11":"pa_size-25mm","13":"first","14":"instock","15":"taxable","16":"shipping-taxable","17":"purchasable","18":"product-type-simple"},"_links":{"self":[{"href":"https:\/\/artaora.com\/fr\/wp-json\/wp\/v2\/product\/136","targetHints":{"allow":["GET"]}}],"collection":[{"href":"https:\/\/artaora.com\/fr\/wp-json\/wp\/v2\/product"}],"about":[{"href":"https:\/\/artaora.com\/fr\/wp-json\/wp\/v2\/types\/product"}],"replies":[{"embeddable":true,"href":"https:\/\/artaora.com\/fr\/wp-json\/wp\/v2\/comments?post=136"}],"wp:featuredmedia":[{"embeddable":true,"href":"https:\/\/artaora.com\/fr\/wp-json\/wp\/v2\/media\/133"}],"wp:attachment":[{"href":"https:\/\/artaora.com\/fr\/wp-json\/wp\/v2\/media?parent=136"}],"wp:term":[{"taxonomy":"product_brand","embeddable":true,"href":"https:\/\/artaora.com\/fr\/wp-json\/wp\/v2\/product_brand?post=136"},{"taxonomy":"product_cat","embeddable":true,"href":"https:\/\/artaora.com\/fr\/wp-json\/wp\/v2\/product_cat?post=136"},{"taxonomy":"product_tag","embeddable":true,"href":"https:\/\/artaora.com\/fr\/wp-json\/wp\/v2\/product_tag?post=136"}],"curies":[{"name":"wp","href":"https:\/\/api.w.org\/{rel}","templated":true}]}}