{"id":140,"date":"2026-03-01T12:17:59","date_gmt":"2026-03-01T12:17:59","guid":{"rendered":"https:\/\/artaora.com\/product\/pendentif-hippocampe-turquoise-clair-style-mecanique\/"},"modified":"2026-03-01T13:51:54","modified_gmt":"2026-03-01T13:51:54","slug":"pendentif-hippocampe-turquoise-clair-style-mecanique","status":"publish","type":"product","link":"https:\/\/artaora.com\/fr\/produit\/pendentif-hippocampe-turquoise-clair-style-mecanique\/","title":{"rendered":"Pendentif Hippocampe Turquoise Clair Style M\u00e9canique"},"content":{"rendered":"<p>Sur une base peinte en turquoise clair, l\u2019hippocampe se d\u00e9tache parmi des engrenages horlogers superpos\u00e9s. Le th\u00e8me marin s\u2019associe aux d\u00e9tails m\u00e9caniques pour cr\u00e9er un pendentif artisanal distinctif. Un exemple affirm\u00e9 de bijou steampunk inspir\u00e9 de l\u2019oc\u00e9an et compos\u00e9 de pi\u00e8ces recycl\u00e9es<\/p>\n","protected":false},"excerpt":{"rendered":"<p>Sur une base peinte en turquoise clair, l\u2019hippocampe se d\u00e9tache parmi des engrenages horlogers superpos\u00e9s. Le th\u00e8me marin s\u2019associe aux d\u00e9tails m\u00e9caniques pour cr\u00e9er un pendentif artisanal distinctif. Un exemple affirm\u00e9 de bijou steampunk inspir\u00e9 de l\u2019oc\u00e9an et compos\u00e9 de pi\u00e8ces recycl\u00e9es<\/p>\n","protected":false},"featured_media":137,"comment_status":"open","ping_status":"closed","template":"","meta":[],"product_brand":[],"product_cat":[32,160],"product_tag":[],"class_list":{"0":"post-140","1":"product","2":"type-product","3":"status-publish","4":"has-post-thumbnail","6":"product_cat-pendentif","7":"product_cat-pendentifs","8":"pa_charm-hippocampe","9":"pa_charm-nature","10":"pa_color-turquoise","11":"pa_color-turquoise-clair","12":"pa_size-25mm","14":"first","15":"instock","16":"taxable","17":"shipping-taxable","18":"purchasable","19":"product-type-simple"},"_links":{"self":[{"href":"https:\/\/artaora.com\/fr\/wp-json\/wp\/v2\/product\/140","targetHints":{"allow":["GET"]}}],"collection":[{"href":"https:\/\/artaora.com\/fr\/wp-json\/wp\/v2\/product"}],"about":[{"href":"https:\/\/artaora.com\/fr\/wp-json\/wp\/v2\/types\/product"}],"replies":[{"embeddable":true,"href":"https:\/\/artaora.com\/fr\/wp-json\/wp\/v2\/comments?post=140"}],"wp:featuredmedia":[{"embeddable":true,"href":"https:\/\/artaora.com\/fr\/wp-json\/wp\/v2\/media\/137"}],"wp:attachment":[{"href":"https:\/\/artaora.com\/fr\/wp-json\/wp\/v2\/media?parent=140"}],"wp:term":[{"taxonomy":"product_brand","embeddable":true,"href":"https:\/\/artaora.com\/fr\/wp-json\/wp\/v2\/product_brand?post=140"},{"taxonomy":"product_cat","embeddable":true,"href":"https:\/\/artaora.com\/fr\/wp-json\/wp\/v2\/product_cat?post=140"},{"taxonomy":"product_tag","embeddable":true,"href":"https:\/\/artaora.com\/fr\/wp-json\/wp\/v2\/product_tag?post=140"}],"curies":[{"name":"wp","href":"https:\/\/api.w.org\/{rel}","templated":true}]}}