{"id":144,"date":"2026-03-01T12:18:00","date_gmt":"2026-03-01T12:18:00","guid":{"rendered":"https:\/\/artaora.com\/product\/pendentif-arbre-de-vie-rouge-art-mecanique\/"},"modified":"2026-03-01T13:51:54","modified_gmt":"2026-03-01T13:51:54","slug":"pendentif-arbre-de-vie-rouge-art-mecanique","status":"publish","type":"product","link":"https:\/\/artaora.com\/fr\/produit\/pendentif-arbre-de-vie-rouge-art-mecanique\/","title":{"rendered":"Pendentif Arbre de Vie Rouge Art M\u00e9canique"},"content":{"rendered":"<p>Une base peinte en rouge intense renforce la pr\u00e9sence symbolique de l\u2019arbre de vie plac\u00e9 au-dessus de m\u00e9canismes horlogers visibles. La construction en couches apporte de la profondeur sous r\u00e9sine. Ce pendentif artisanal convient aux amateurs de bijoux steampunk affirm\u00e9s \u00e0 symbolique naturelle.<\/p>\n","protected":false},"excerpt":{"rendered":"<p>Une base peinte en rouge intense renforce la pr\u00e9sence symbolique de l\u2019arbre de vie plac\u00e9 au-dessus de m\u00e9canismes horlogers visibles. La construction en couches apporte de la profondeur sous r\u00e9sine. Ce pendentif artisanal convient aux amateurs de bijoux steampunk affirm\u00e9s \u00e0 symbolique naturelle.<\/p>\n","protected":false},"featured_media":141,"comment_status":"open","ping_status":"closed","template":"","meta":[],"product_brand":[],"product_cat":[32,160],"product_tag":[],"class_list":{"0":"post-144","1":"product","2":"type-product","3":"status-publish","4":"has-post-thumbnail","6":"product_cat-pendentif","7":"product_cat-pendentifs","8":"pa_charm-arbre-de-vie","9":"pa_charm-nature","10":"pa_color-rouge","11":"pa_size-25mm","13":"first","14":"instock","15":"taxable","16":"shipping-taxable","17":"purchasable","18":"product-type-simple"},"_links":{"self":[{"href":"https:\/\/artaora.com\/fr\/wp-json\/wp\/v2\/product\/144","targetHints":{"allow":["GET"]}}],"collection":[{"href":"https:\/\/artaora.com\/fr\/wp-json\/wp\/v2\/product"}],"about":[{"href":"https:\/\/artaora.com\/fr\/wp-json\/wp\/v2\/types\/product"}],"replies":[{"embeddable":true,"href":"https:\/\/artaora.com\/fr\/wp-json\/wp\/v2\/comments?post=144"}],"wp:featuredmedia":[{"embeddable":true,"href":"https:\/\/artaora.com\/fr\/wp-json\/wp\/v2\/media\/141"}],"wp:attachment":[{"href":"https:\/\/artaora.com\/fr\/wp-json\/wp\/v2\/media?parent=144"}],"wp:term":[{"taxonomy":"product_brand","embeddable":true,"href":"https:\/\/artaora.com\/fr\/wp-json\/wp\/v2\/product_brand?post=144"},{"taxonomy":"product_cat","embeddable":true,"href":"https:\/\/artaora.com\/fr\/wp-json\/wp\/v2\/product_cat?post=144"},{"taxonomy":"product_tag","embeddable":true,"href":"https:\/\/artaora.com\/fr\/wp-json\/wp\/v2\/product_tag?post=144"}],"curies":[{"name":"wp","href":"https:\/\/api.w.org\/{rel}","templated":true}]}}