{"id":152,"date":"2026-03-01T12:18:08","date_gmt":"2026-03-01T12:18:08","guid":{"rendered":"https:\/\/artaora.com\/product\/pendentif-hibou-mecanique-rose-artistique\/"},"modified":"2026-03-01T13:51:55","modified_gmt":"2026-03-01T13:51:55","slug":"pendentif-hibou-mecanique-rose-artistique","status":"publish","type":"product","link":"https:\/\/artaora.com\/fr\/produit\/pendentif-hibou-mecanique-rose-artistique\/","title":{"rendered":"Pendentif Hibou M\u00e9canique Rose Artistique"},"content":{"rendered":"<p>La base peinte en rose vif met en valeur le hibou sculpt\u00e9 pos\u00e9 sur des m\u00e9canismes horlogers superpos\u00e9s. Les d\u00e9tails m\u00e9caniques contrastent avec la silhouette organique, cr\u00e9ant un pendentif en r\u00e9sine \u00e0 forte pr\u00e9sence visuelle. Un exemple marquant de bijou steampunk artisanal inspir\u00e9 de la faune.<\/p>\n","protected":false},"excerpt":{"rendered":"<p>La base peinte en rose vif met en valeur le hibou sculpt\u00e9 pos\u00e9 sur des m\u00e9canismes horlogers superpos\u00e9s. Les d\u00e9tails m\u00e9caniques contrastent avec la silhouette organique, cr\u00e9ant un pendentif en r\u00e9sine \u00e0 forte pr\u00e9sence visuelle. Un exemple marquant de bijou steampunk artisanal inspir\u00e9 de la faune.<\/p>\n","protected":false},"featured_media":149,"comment_status":"open","ping_status":"closed","template":"","meta":[],"product_brand":[],"product_cat":[32,160],"product_tag":[],"class_list":{"0":"post-152","1":"product","2":"type-product","3":"status-publish","4":"has-post-thumbnail","6":"product_cat-pendentif","7":"product_cat-pendentifs","8":"pa_charm-hibou","9":"pa_charm-nature","10":"pa_color-rose","11":"pa_size-25mm","13":"first","14":"instock","15":"taxable","16":"shipping-taxable","17":"purchasable","18":"product-type-simple"},"_links":{"self":[{"href":"https:\/\/artaora.com\/fr\/wp-json\/wp\/v2\/product\/152","targetHints":{"allow":["GET"]}}],"collection":[{"href":"https:\/\/artaora.com\/fr\/wp-json\/wp\/v2\/product"}],"about":[{"href":"https:\/\/artaora.com\/fr\/wp-json\/wp\/v2\/types\/product"}],"replies":[{"embeddable":true,"href":"https:\/\/artaora.com\/fr\/wp-json\/wp\/v2\/comments?post=152"}],"wp:featuredmedia":[{"embeddable":true,"href":"https:\/\/artaora.com\/fr\/wp-json\/wp\/v2\/media\/149"}],"wp:attachment":[{"href":"https:\/\/artaora.com\/fr\/wp-json\/wp\/v2\/media?parent=152"}],"wp:term":[{"taxonomy":"product_brand","embeddable":true,"href":"https:\/\/artaora.com\/fr\/wp-json\/wp\/v2\/product_brand?post=152"},{"taxonomy":"product_cat","embeddable":true,"href":"https:\/\/artaora.com\/fr\/wp-json\/wp\/v2\/product_cat?post=152"},{"taxonomy":"product_tag","embeddable":true,"href":"https:\/\/artaora.com\/fr\/wp-json\/wp\/v2\/product_tag?post=152"}],"curies":[{"name":"wp","href":"https:\/\/api.w.org\/{rel}","templated":true}]}}