{"id":160,"date":"2026-03-01T12:18:10","date_gmt":"2026-03-01T12:18:10","guid":{"rendered":"https:\/\/artaora.com\/product\/pendentif-hibou-mecanique-rouge-style-industriel\/"},"modified":"2026-03-01T13:51:56","modified_gmt":"2026-03-01T13:51:56","slug":"pendentif-hibou-mecanique-rouge-style-industriel","status":"publish","type":"product","link":"https:\/\/artaora.com\/fr\/produit\/pendentif-hibou-mecanique-rouge-style-industriel\/","title":{"rendered":"Pendentif Hibou M\u00e9canique Rouge Style Industriel"},"content":{"rendered":"<p>Ce pendentif artisanal en r\u00e9sine met en sc\u00e8ne un hibou sur une base peinte en rouge avec des pi\u00e8ces d\u2019horlogerie visibles. Le contraste de couleur met en valeur les d\u00e9tails m\u00e9caniques sous r\u00e9sine. Un pendentif steampunk affirm\u00e9 pour les amateurs de bijoux industriels inspir\u00e9s de la faune.<\/p>\n","protected":false},"excerpt":{"rendered":"<p>Ce pendentif artisanal en r\u00e9sine met en sc\u00e8ne un hibou sur une base peinte en rouge avec des pi\u00e8ces d\u2019horlogerie visibles. Le contraste de couleur met en valeur les d\u00e9tails m\u00e9caniques sous r\u00e9sine. Un pendentif steampunk affirm\u00e9 pour les amateurs de bijoux industriels inspir\u00e9s de la faune.<\/p>\n","protected":false},"featured_media":157,"comment_status":"open","ping_status":"closed","template":"","meta":[],"product_brand":[],"product_cat":[32,160],"product_tag":[],"class_list":{"0":"post-160","1":"product","2":"type-product","3":"status-publish","4":"has-post-thumbnail","6":"product_cat-pendentif","7":"product_cat-pendentifs","8":"pa_charm-hibou","9":"pa_charm-nature","10":"pa_color-rouge","11":"pa_size-25mm","13":"first","14":"instock","15":"taxable","16":"shipping-taxable","17":"purchasable","18":"product-type-simple"},"_links":{"self":[{"href":"https:\/\/artaora.com\/fr\/wp-json\/wp\/v2\/product\/160","targetHints":{"allow":["GET"]}}],"collection":[{"href":"https:\/\/artaora.com\/fr\/wp-json\/wp\/v2\/product"}],"about":[{"href":"https:\/\/artaora.com\/fr\/wp-json\/wp\/v2\/types\/product"}],"replies":[{"embeddable":true,"href":"https:\/\/artaora.com\/fr\/wp-json\/wp\/v2\/comments?post=160"}],"wp:featuredmedia":[{"embeddable":true,"href":"https:\/\/artaora.com\/fr\/wp-json\/wp\/v2\/media\/157"}],"wp:attachment":[{"href":"https:\/\/artaora.com\/fr\/wp-json\/wp\/v2\/media?parent=160"}],"wp:term":[{"taxonomy":"product_brand","embeddable":true,"href":"https:\/\/artaora.com\/fr\/wp-json\/wp\/v2\/product_brand?post=160"},{"taxonomy":"product_cat","embeddable":true,"href":"https:\/\/artaora.com\/fr\/wp-json\/wp\/v2\/product_cat?post=160"},{"taxonomy":"product_tag","embeddable":true,"href":"https:\/\/artaora.com\/fr\/wp-json\/wp\/v2\/product_tag?post=160"}],"curies":[{"name":"wp","href":"https:\/\/api.w.org\/{rel}","templated":true}]}}