{"id":164,"date":"2026-03-01T12:18:12","date_gmt":"2026-03-01T12:18:12","guid":{"rendered":"https:\/\/artaora.com\/product\/pendentif-arbre-de-vie-vert-style-mecanique\/"},"modified":"2026-03-01T13:51:57","modified_gmt":"2026-03-01T13:51:57","slug":"pendentif-arbre-de-vie-vert-style-mecanique","status":"publish","type":"product","link":"https:\/\/artaora.com\/fr\/produit\/pendentif-arbre-de-vie-vert-style-mecanique\/","title":{"rendered":"Pendentif Arbre de Vie Vert Style M\u00e9canique"},"content":{"rendered":"<p>Une base peinte en vert soutient l\u2019arbre de vie associ\u00e9 \u00e0 des engrenages horlogers visibles. La composition structur\u00e9e met en valeur la profondeur m\u00e9canique tout en conservant le symbolisme v\u00e9g\u00e9tal. Ce pendentif artisanal convient aux amateurs de bijoux steampunk \u00e0 inspiration naturelle.<\/p>\n","protected":false},"excerpt":{"rendered":"<p>Une base peinte en vert soutient l\u2019arbre de vie associ\u00e9 \u00e0 des engrenages horlogers visibles. La composition structur\u00e9e met en valeur la profondeur m\u00e9canique tout en conservant le symbolisme v\u00e9g\u00e9tal. Ce pendentif artisanal convient aux amateurs de bijoux steampunk \u00e0 inspiration naturelle.<\/p>\n","protected":false},"featured_media":161,"comment_status":"open","ping_status":"closed","template":"","meta":[],"product_brand":[],"product_cat":[32,160],"product_tag":[],"class_list":{"0":"post-164","1":"product","2":"type-product","3":"status-publish","4":"has-post-thumbnail","6":"product_cat-pendentif","7":"product_cat-pendentifs","8":"pa_charm-arbre-de-vie","9":"pa_charm-nature","10":"pa_color-vert","11":"pa_size-25mm","13":"first","14":"instock","15":"taxable","16":"shipping-taxable","17":"purchasable","18":"product-type-simple"},"_links":{"self":[{"href":"https:\/\/artaora.com\/fr\/wp-json\/wp\/v2\/product\/164","targetHints":{"allow":["GET"]}}],"collection":[{"href":"https:\/\/artaora.com\/fr\/wp-json\/wp\/v2\/product"}],"about":[{"href":"https:\/\/artaora.com\/fr\/wp-json\/wp\/v2\/types\/product"}],"replies":[{"embeddable":true,"href":"https:\/\/artaora.com\/fr\/wp-json\/wp\/v2\/comments?post=164"}],"wp:featuredmedia":[{"embeddable":true,"href":"https:\/\/artaora.com\/fr\/wp-json\/wp\/v2\/media\/161"}],"wp:attachment":[{"href":"https:\/\/artaora.com\/fr\/wp-json\/wp\/v2\/media?parent=164"}],"wp:term":[{"taxonomy":"product_brand","embeddable":true,"href":"https:\/\/artaora.com\/fr\/wp-json\/wp\/v2\/product_brand?post=164"},{"taxonomy":"product_cat","embeddable":true,"href":"https:\/\/artaora.com\/fr\/wp-json\/wp\/v2\/product_cat?post=164"},{"taxonomy":"product_tag","embeddable":true,"href":"https:\/\/artaora.com\/fr\/wp-json\/wp\/v2\/product_tag?post=164"}],"curies":[{"name":"wp","href":"https:\/\/api.w.org\/{rel}","templated":true}]}}