{"id":172,"date":"2026-03-01T12:18:15","date_gmt":"2026-03-01T12:18:15","guid":{"rendered":"https:\/\/artaora.com\/product\/pendentif-elephant-mecanique-rouge-style-industriel\/"},"modified":"2026-03-01T13:51:58","modified_gmt":"2026-03-01T13:51:58","slug":"pendentif-elephant-mecanique-rouge-style-industriel","status":"publish","type":"product","link":"https:\/\/artaora.com\/fr\/produit\/pendentif-elephant-mecanique-rouge-style-industriel\/","title":{"rendered":"Pendentif \u00c9l\u00e9phant M\u00e9canique Rouge Style Industriel"},"content":{"rendered":"<p>Une base peinte en rouge satur\u00e9 met en valeur l\u2019\u00e9l\u00e9phant plac\u00e9 au-dessus de m\u00e9canismes horlogers visibles. L\u2019\u00e9quilibre entre couleur forte et d\u00e9tail m\u00e9canique d\u00e9finit ce pendentif industriel artisanal. Une pi\u00e8ce steampunk distinctive pour les amateurs de cr\u00e9ations inspir\u00e9es des animaux.<\/p>\n","protected":false},"excerpt":{"rendered":"<p>Une base peinte en rouge satur\u00e9 met en valeur l\u2019\u00e9l\u00e9phant plac\u00e9 au-dessus de m\u00e9canismes horlogers visibles. L\u2019\u00e9quilibre entre couleur forte et d\u00e9tail m\u00e9canique d\u00e9finit ce pendentif industriel artisanal. Une pi\u00e8ce steampunk distinctive pour les amateurs de cr\u00e9ations inspir\u00e9es des animaux.<\/p>\n","protected":false},"featured_media":169,"comment_status":"open","ping_status":"closed","template":"","meta":[],"product_brand":[],"product_cat":[32,160],"product_tag":[],"class_list":{"0":"post-172","1":"product","2":"type-product","3":"status-publish","4":"has-post-thumbnail","6":"product_cat-pendentif","7":"product_cat-pendentifs","8":"pa_charm-animaux","9":"pa_charm-elephant","10":"pa_color-rouge","11":"pa_size-25mm","13":"first","14":"instock","15":"taxable","16":"shipping-taxable","17":"purchasable","18":"product-type-simple"},"_links":{"self":[{"href":"https:\/\/artaora.com\/fr\/wp-json\/wp\/v2\/product\/172","targetHints":{"allow":["GET"]}}],"collection":[{"href":"https:\/\/artaora.com\/fr\/wp-json\/wp\/v2\/product"}],"about":[{"href":"https:\/\/artaora.com\/fr\/wp-json\/wp\/v2\/types\/product"}],"replies":[{"embeddable":true,"href":"https:\/\/artaora.com\/fr\/wp-json\/wp\/v2\/comments?post=172"}],"wp:featuredmedia":[{"embeddable":true,"href":"https:\/\/artaora.com\/fr\/wp-json\/wp\/v2\/media\/169"}],"wp:attachment":[{"href":"https:\/\/artaora.com\/fr\/wp-json\/wp\/v2\/media?parent=172"}],"wp:term":[{"taxonomy":"product_brand","embeddable":true,"href":"https:\/\/artaora.com\/fr\/wp-json\/wp\/v2\/product_brand?post=172"},{"taxonomy":"product_cat","embeddable":true,"href":"https:\/\/artaora.com\/fr\/wp-json\/wp\/v2\/product_cat?post=172"},{"taxonomy":"product_tag","embeddable":true,"href":"https:\/\/artaora.com\/fr\/wp-json\/wp\/v2\/product_tag?post=172"}],"curies":[{"name":"wp","href":"https:\/\/api.w.org\/{rel}","templated":true}]}}