{"id":180,"date":"2026-03-01T12:18:18","date_gmt":"2026-03-01T12:18:18","guid":{"rendered":"https:\/\/artaora.com\/product\/pendentif-geometrique-mecanique-noir\/"},"modified":"2026-03-01T13:51:59","modified_gmt":"2026-03-01T13:51:59","slug":"pendentif-geometrique-mecanique-noir","status":"publish","type":"product","link":"https:\/\/artaora.com\/fr\/produit\/pendentif-geometrique-mecanique-noir\/","title":{"rendered":"Pendentif G\u00e9om\u00e9trique M\u00e9canique Noir"},"content":{"rendered":"<p>Une base peinte en noir soutient une composition g\u00e9om\u00e9trique structur\u00e9e compos\u00e9e d\u2019\u00e9l\u00e9ments m\u00e9talliques et d\u2019engrenages horlogers. L\u2019agencement angulaire met en valeur la pr\u00e9cision industrielle et la profondeur m\u00e9canique sous r\u00e9sine. Ce pendentif artisanal convient aux amateurs de bijoux steampunk abstraits.<\/p>\n","protected":false},"excerpt":{"rendered":"<p>Une base peinte en noir soutient une composition g\u00e9om\u00e9trique structur\u00e9e compos\u00e9e d\u2019\u00e9l\u00e9ments m\u00e9talliques et d\u2019engrenages horlogers. L\u2019agencement angulaire met en valeur la pr\u00e9cision industrielle et la profondeur m\u00e9canique sous r\u00e9sine. Ce pendentif artisanal convient aux amateurs de bijoux steampunk abstraits.<\/p>\n","protected":false},"featured_media":177,"comment_status":"open","ping_status":"closed","template":"","meta":[],"product_brand":[],"product_cat":[32,160],"product_tag":[],"class_list":{"0":"post-180","1":"product","2":"type-product","3":"status-publish","4":"has-post-thumbnail","6":"product_cat-pendentif","7":"product_cat-pendentifs","8":"pa_charm-composition-geometrique","9":"pa_charm-symboles","10":"pa_color-noir","11":"pa_size-25mm","13":"first","14":"instock","15":"taxable","16":"shipping-taxable","17":"purchasable","18":"product-type-simple"},"_links":{"self":[{"href":"https:\/\/artaora.com\/fr\/wp-json\/wp\/v2\/product\/180","targetHints":{"allow":["GET"]}}],"collection":[{"href":"https:\/\/artaora.com\/fr\/wp-json\/wp\/v2\/product"}],"about":[{"href":"https:\/\/artaora.com\/fr\/wp-json\/wp\/v2\/types\/product"}],"replies":[{"embeddable":true,"href":"https:\/\/artaora.com\/fr\/wp-json\/wp\/v2\/comments?post=180"}],"wp:featuredmedia":[{"embeddable":true,"href":"https:\/\/artaora.com\/fr\/wp-json\/wp\/v2\/media\/177"}],"wp:attachment":[{"href":"https:\/\/artaora.com\/fr\/wp-json\/wp\/v2\/media?parent=180"}],"wp:term":[{"taxonomy":"product_brand","embeddable":true,"href":"https:\/\/artaora.com\/fr\/wp-json\/wp\/v2\/product_brand?post=180"},{"taxonomy":"product_cat","embeddable":true,"href":"https:\/\/artaora.com\/fr\/wp-json\/wp\/v2\/product_cat?post=180"},{"taxonomy":"product_tag","embeddable":true,"href":"https:\/\/artaora.com\/fr\/wp-json\/wp\/v2\/product_tag?post=180"}],"curies":[{"name":"wp","href":"https:\/\/api.w.org\/{rel}","templated":true}]}}