{"id":188,"date":"2026-03-01T12:18:21","date_gmt":"2026-03-01T12:18:21","guid":{"rendered":"https:\/\/artaora.com\/product\/pendentif-grenouille-mecanique-noire-en-relief\/"},"modified":"2026-03-01T13:52:01","modified_gmt":"2026-03-01T13:52:01","slug":"pendentif-grenouille-mecanique-noire-en-relief","status":"publish","type":"product","link":"https:\/\/artaora.com\/fr\/produit\/pendentif-grenouille-mecanique-noire-en-relief\/","title":{"rendered":"Pendentif Grenouille M\u00e9canique Noire en Relief"},"content":{"rendered":"<p>La grenouille se d\u00e9tache en relief prononc\u00e9 sur une base peinte en noir, cr\u00e9ant une profondeur imm\u00e9diate et un contraste net. Des composants horlogers m\u00e9talliques se regroupent sur un c\u00f4t\u00e9 pour \u00e9quilibrer la composition. Ce pendentif artisanal en r\u00e9sine se distingue comme bijou industriel inspir\u00e9 de la faune.<\/p>\n","protected":false},"excerpt":{"rendered":"<p>La grenouille se d\u00e9tache en relief prononc\u00e9 sur une base peinte en noir, cr\u00e9ant une profondeur imm\u00e9diate et un contraste net. Des composants horlogers m\u00e9talliques se regroupent sur un c\u00f4t\u00e9 pour \u00e9quilibrer la composition. Ce pendentif artisanal en r\u00e9sine se distingue comme bijou industriel inspir\u00e9 de la faune.<\/p>\n","protected":false},"featured_media":185,"comment_status":"open","ping_status":"closed","template":"","meta":[],"product_brand":[],"product_cat":[32,160],"product_tag":[],"class_list":{"0":"post-188","1":"product","2":"type-product","3":"status-publish","4":"has-post-thumbnail","6":"product_cat-pendentif","7":"product_cat-pendentifs","8":"pa_charm-grenouille","9":"pa_charm-nature","10":"pa_color-noir","11":"pa_size-25mm","13":"first","14":"instock","15":"taxable","16":"shipping-taxable","17":"purchasable","18":"product-type-simple"},"_links":{"self":[{"href":"https:\/\/artaora.com\/fr\/wp-json\/wp\/v2\/product\/188","targetHints":{"allow":["GET"]}}],"collection":[{"href":"https:\/\/artaora.com\/fr\/wp-json\/wp\/v2\/product"}],"about":[{"href":"https:\/\/artaora.com\/fr\/wp-json\/wp\/v2\/types\/product"}],"replies":[{"embeddable":true,"href":"https:\/\/artaora.com\/fr\/wp-json\/wp\/v2\/comments?post=188"}],"wp:featuredmedia":[{"embeddable":true,"href":"https:\/\/artaora.com\/fr\/wp-json\/wp\/v2\/media\/185"}],"wp:attachment":[{"href":"https:\/\/artaora.com\/fr\/wp-json\/wp\/v2\/media?parent=188"}],"wp:term":[{"taxonomy":"product_brand","embeddable":true,"href":"https:\/\/artaora.com\/fr\/wp-json\/wp\/v2\/product_brand?post=188"},{"taxonomy":"product_cat","embeddable":true,"href":"https:\/\/artaora.com\/fr\/wp-json\/wp\/v2\/product_cat?post=188"},{"taxonomy":"product_tag","embeddable":true,"href":"https:\/\/artaora.com\/fr\/wp-json\/wp\/v2\/product_tag?post=188"}],"curies":[{"name":"wp","href":"https:\/\/api.w.org\/{rel}","templated":true}]}}