{"id":192,"date":"2026-03-01T12:18:23","date_gmt":"2026-03-01T12:18:23","guid":{"rendered":"https:\/\/artaora.com\/product\/pendentif-lezard-mecanique-noir-abstrait\/"},"modified":"2026-03-01T13:52:02","modified_gmt":"2026-03-01T13:52:02","slug":"pendentif-lezard-mecanique-noir-abstrait","status":"publish","type":"product","link":"https:\/\/artaora.com\/fr\/produit\/pendentif-lezard-mecanique-noir-abstrait\/","title":{"rendered":"Pendentif L\u00e9zard M\u00e9canique Noir Abstrait"},"content":{"rendered":"<p>La silhouette allong\u00e9e du l\u00e9zard se d\u00e9ploie sur une base peinte en noir, partiellement encadr\u00e9e par des engrenages horlogers visibles. Sa forme sinueuse contraste avec la m\u00e9canique circulaire sous r\u00e9sine. Ce pendentif artisanal constitue une pi\u00e8ce steampunk inspir\u00e9e des reptiles.<\/p>\n","protected":false},"excerpt":{"rendered":"<p>La silhouette allong\u00e9e du l\u00e9zard se d\u00e9ploie sur une base peinte en noir, partiellement encadr\u00e9e par des engrenages horlogers visibles. Sa forme sinueuse contraste avec la m\u00e9canique circulaire sous r\u00e9sine. Ce pendentif artisanal constitue une pi\u00e8ce steampunk inspir\u00e9e des reptiles.<\/p>\n","protected":false},"featured_media":189,"comment_status":"open","ping_status":"closed","template":"","meta":[],"product_brand":[],"product_cat":[32,160],"product_tag":[],"class_list":{"0":"post-192","1":"product","2":"type-product","3":"status-publish","4":"has-post-thumbnail","6":"product_cat-pendentif","7":"product_cat-pendentifs","8":"pa_charm-lezard","9":"pa_charm-nature","10":"pa_color-noir","11":"pa_size-25mm","13":"first","14":"instock","15":"taxable","16":"shipping-taxable","17":"purchasable","18":"product-type-simple"},"_links":{"self":[{"href":"https:\/\/artaora.com\/fr\/wp-json\/wp\/v2\/product\/192","targetHints":{"allow":["GET"]}}],"collection":[{"href":"https:\/\/artaora.com\/fr\/wp-json\/wp\/v2\/product"}],"about":[{"href":"https:\/\/artaora.com\/fr\/wp-json\/wp\/v2\/types\/product"}],"replies":[{"embeddable":true,"href":"https:\/\/artaora.com\/fr\/wp-json\/wp\/v2\/comments?post=192"}],"wp:featuredmedia":[{"embeddable":true,"href":"https:\/\/artaora.com\/fr\/wp-json\/wp\/v2\/media\/189"}],"wp:attachment":[{"href":"https:\/\/artaora.com\/fr\/wp-json\/wp\/v2\/media?parent=192"}],"wp:term":[{"taxonomy":"product_brand","embeddable":true,"href":"https:\/\/artaora.com\/fr\/wp-json\/wp\/v2\/product_brand?post=192"},{"taxonomy":"product_cat","embeddable":true,"href":"https:\/\/artaora.com\/fr\/wp-json\/wp\/v2\/product_cat?post=192"},{"taxonomy":"product_tag","embeddable":true,"href":"https:\/\/artaora.com\/fr\/wp-json\/wp\/v2\/product_tag?post=192"}],"curies":[{"name":"wp","href":"https:\/\/api.w.org\/{rel}","templated":true}]}}