{"id":196,"date":"2026-03-01T12:18:24","date_gmt":"2026-03-01T12:18:24","guid":{"rendered":"https:\/\/artaora.com\/product\/pendentif-elephant-mecanique-noir-industriel\/"},"modified":"2026-03-01T13:52:02","modified_gmt":"2026-03-01T13:52:02","slug":"pendentif-elephant-mecanique-noir-industriel","status":"publish","type":"product","link":"https:\/\/artaora.com\/fr\/produit\/pendentif-elephant-mecanique-noir-industriel\/","title":{"rendered":"Pendentif \u00c9l\u00e9phant M\u00e9canique Noir Industriel"},"content":{"rendered":"<p>La silhouette de l\u2019\u00e9l\u00e9phant occupe la partie inf\u00e9rieure d\u2019une base peinte en noir brillant, tandis que des engrenages regroup\u00e9s s\u2019\u00e9l\u00e8vent \u00e0 l\u2019arri\u00e8re comme une structure. La superposition verticale apporte de la profondeur sans \u00e9craser la figure. Ce pendentif artisanal en r\u00e9sine constitue une pi\u00e8ce forte de bijou industriel inspir\u00e9 de la faune.<\/p>\n","protected":false},"excerpt":{"rendered":"<p>La silhouette de l\u2019\u00e9l\u00e9phant occupe la partie inf\u00e9rieure d\u2019une base peinte en noir brillant, tandis que des engrenages regroup\u00e9s s\u2019\u00e9l\u00e8vent \u00e0 l\u2019arri\u00e8re comme une structure. La superposition verticale apporte de la profondeur sans \u00e9craser la figure. Ce pendentif artisanal en r\u00e9sine constitue une pi\u00e8ce forte de bijou industriel inspir\u00e9 de la faune.<\/p>\n","protected":false},"featured_media":193,"comment_status":"open","ping_status":"closed","template":"","meta":[],"product_brand":[],"product_cat":[32,160],"product_tag":[],"class_list":{"0":"post-196","1":"product","2":"type-product","3":"status-publish","4":"has-post-thumbnail","6":"product_cat-pendentif","7":"product_cat-pendentifs","8":"pa_charm-animaux","9":"pa_charm-elephant","10":"pa_color-noir","11":"pa_size-25mm","13":"first","14":"instock","15":"taxable","16":"shipping-taxable","17":"purchasable","18":"product-type-simple"},"_links":{"self":[{"href":"https:\/\/artaora.com\/fr\/wp-json\/wp\/v2\/product\/196","targetHints":{"allow":["GET"]}}],"collection":[{"href":"https:\/\/artaora.com\/fr\/wp-json\/wp\/v2\/product"}],"about":[{"href":"https:\/\/artaora.com\/fr\/wp-json\/wp\/v2\/types\/product"}],"replies":[{"embeddable":true,"href":"https:\/\/artaora.com\/fr\/wp-json\/wp\/v2\/comments?post=196"}],"wp:featuredmedia":[{"embeddable":true,"href":"https:\/\/artaora.com\/fr\/wp-json\/wp\/v2\/media\/193"}],"wp:attachment":[{"href":"https:\/\/artaora.com\/fr\/wp-json\/wp\/v2\/media?parent=196"}],"wp:term":[{"taxonomy":"product_brand","embeddable":true,"href":"https:\/\/artaora.com\/fr\/wp-json\/wp\/v2\/product_brand?post=196"},{"taxonomy":"product_cat","embeddable":true,"href":"https:\/\/artaora.com\/fr\/wp-json\/wp\/v2\/product_cat?post=196"},{"taxonomy":"product_tag","embeddable":true,"href":"https:\/\/artaora.com\/fr\/wp-json\/wp\/v2\/product_tag?post=196"}],"curies":[{"name":"wp","href":"https:\/\/api.w.org\/{rel}","templated":true}]}}