{"id":212,"date":"2026-03-01T12:18:30","date_gmt":"2026-03-01T12:18:30","guid":{"rendered":"https:\/\/artaora.com\/product\/pendentif-papillon-steampunk-sur-base-verte-texturee\/"},"modified":"2026-03-01T13:52:04","modified_gmt":"2026-03-01T13:52:04","slug":"pendentif-papillon-steampunk-sur-base-verte-texturee","status":"publish","type":"product","link":"https:\/\/artaora.com\/fr\/produit\/pendentif-papillon-steampunk-sur-base-verte-texturee\/","title":{"rendered":"Pendentif papillon steampunk sur base verte textur\u00e9e"},"content":{"rendered":"<p>La sym\u00e9trie m\u00e9canique structure ce papillon form\u00e9 de pi\u00e8ces horlog\u00e8res superpos\u00e9es sur une base peinte en vert. Le fond textur\u00e9 met en valeur l\u2019architecture m\u00e9tallique, cr\u00e9ant un contraste entre forme organique et d\u00e9tail industriel. Un pendentif artisanal en r\u00e9sine pens\u00e9 comme accessoire steampunk inspir\u00e9 de la nature.<\/p>\n","protected":false},"excerpt":{"rendered":"<p>La sym\u00e9trie m\u00e9canique structure ce papillon form\u00e9 de pi\u00e8ces horlog\u00e8res superpos\u00e9es sur une base peinte en vert. Le fond textur\u00e9 met en valeur l\u2019architecture m\u00e9tallique, cr\u00e9ant un contraste entre forme organique et d\u00e9tail industriel. Un pendentif artisanal en r\u00e9sine pens\u00e9 comme accessoire steampunk inspir\u00e9 de la nature.<\/p>\n","protected":false},"featured_media":209,"comment_status":"open","ping_status":"closed","template":"","meta":[],"product_brand":[],"product_cat":[160],"product_tag":[],"class_list":{"0":"post-212","1":"product","2":"type-product","3":"status-publish","4":"has-post-thumbnail","6":"product_cat-pendentifs","7":"pa_charm-nature","8":"pa_charm-papillon","9":"pa_color-vert","10":"pa_size-25mm","12":"first","13":"instock","14":"taxable","15":"shipping-taxable","16":"purchasable","17":"product-type-simple"},"_links":{"self":[{"href":"https:\/\/artaora.com\/fr\/wp-json\/wp\/v2\/product\/212","targetHints":{"allow":["GET"]}}],"collection":[{"href":"https:\/\/artaora.com\/fr\/wp-json\/wp\/v2\/product"}],"about":[{"href":"https:\/\/artaora.com\/fr\/wp-json\/wp\/v2\/types\/product"}],"replies":[{"embeddable":true,"href":"https:\/\/artaora.com\/fr\/wp-json\/wp\/v2\/comments?post=212"}],"wp:featuredmedia":[{"embeddable":true,"href":"https:\/\/artaora.com\/fr\/wp-json\/wp\/v2\/media\/209"}],"wp:attachment":[{"href":"https:\/\/artaora.com\/fr\/wp-json\/wp\/v2\/media?parent=212"}],"wp:term":[{"taxonomy":"product_brand","embeddable":true,"href":"https:\/\/artaora.com\/fr\/wp-json\/wp\/v2\/product_brand?post=212"},{"taxonomy":"product_cat","embeddable":true,"href":"https:\/\/artaora.com\/fr\/wp-json\/wp\/v2\/product_cat?post=212"},{"taxonomy":"product_tag","embeddable":true,"href":"https:\/\/artaora.com\/fr\/wp-json\/wp\/v2\/product_tag?post=212"}],"curies":[{"name":"wp","href":"https:\/\/api.w.org\/{rel}","templated":true}]}}