{"id":216,"date":"2026-03-01T12:18:31","date_gmt":"2026-03-01T12:18:31","guid":{"rendered":"https:\/\/artaora.com\/product\/pendentif-machine-a-coudre-vintage-sur-base-jaune\/"},"modified":"2026-03-01T13:52:05","modified_gmt":"2026-03-01T13:52:05","slug":"pendentif-machine-a-coudre-vintage-sur-base-jaune","status":"publish","type":"product","link":"https:\/\/artaora.com\/fr\/produit\/pendentif-machine-a-coudre-vintage-sur-base-jaune\/","title":{"rendered":"Pendentif machine \u00e0 coudre vintage sur base jaune"},"content":{"rendered":"<p>Une base peinte en jaune vif renforce la pr\u00e9sence d\u2019une machine \u00e0 coudre vintage pos\u00e9e sur des pi\u00e8ces horlog\u00e8res superpos\u00e9es. Textures industrielles et r\u00e9f\u00e9rences m\u00e9caniques s\u2019unissent dans ce pendentif en r\u00e9sine au caract\u00e8re r\u00e9tro affirm\u00e9. Une cr\u00e9ation artisanale destin\u00e9e aux amateurs d\u2019esth\u00e9tique m\u00e9canique.<\/p>\n","protected":false},"excerpt":{"rendered":"<p>Une base peinte en jaune vif renforce la pr\u00e9sence d\u2019une machine \u00e0 coudre vintage pos\u00e9e sur des pi\u00e8ces horlog\u00e8res superpos\u00e9es. Textures industrielles et r\u00e9f\u00e9rences m\u00e9caniques s\u2019unissent dans ce pendentif en r\u00e9sine au caract\u00e8re r\u00e9tro affirm\u00e9. Une cr\u00e9ation artisanale destin\u00e9e aux amateurs d\u2019esth\u00e9tique m\u00e9canique.<\/p>\n","protected":false},"featured_media":213,"comment_status":"open","ping_status":"closed","template":"","meta":[],"product_brand":[],"product_cat":[160],"product_tag":[],"class_list":{"0":"post-216","1":"product","2":"type-product","3":"status-publish","4":"has-post-thumbnail","6":"product_cat-pendentifs","7":"pa_charm-machine-a-coudre","8":"pa_charm-objets","9":"pa_color-jaune","10":"pa_size-25mm","12":"first","13":"instock","14":"taxable","15":"shipping-taxable","16":"purchasable","17":"product-type-simple"},"_links":{"self":[{"href":"https:\/\/artaora.com\/fr\/wp-json\/wp\/v2\/product\/216","targetHints":{"allow":["GET"]}}],"collection":[{"href":"https:\/\/artaora.com\/fr\/wp-json\/wp\/v2\/product"}],"about":[{"href":"https:\/\/artaora.com\/fr\/wp-json\/wp\/v2\/types\/product"}],"replies":[{"embeddable":true,"href":"https:\/\/artaora.com\/fr\/wp-json\/wp\/v2\/comments?post=216"}],"wp:featuredmedia":[{"embeddable":true,"href":"https:\/\/artaora.com\/fr\/wp-json\/wp\/v2\/media\/213"}],"wp:attachment":[{"href":"https:\/\/artaora.com\/fr\/wp-json\/wp\/v2\/media?parent=216"}],"wp:term":[{"taxonomy":"product_brand","embeddable":true,"href":"https:\/\/artaora.com\/fr\/wp-json\/wp\/v2\/product_brand?post=216"},{"taxonomy":"product_cat","embeddable":true,"href":"https:\/\/artaora.com\/fr\/wp-json\/wp\/v2\/product_cat?post=216"},{"taxonomy":"product_tag","embeddable":true,"href":"https:\/\/artaora.com\/fr\/wp-json\/wp\/v2\/product_tag?post=216"}],"curies":[{"name":"wp","href":"https:\/\/api.w.org\/{rel}","templated":true}]}}